{"id":992,"date":"2018-07-17T13:31:14","date_gmt":"2018-07-17T11:31:14","guid":{"rendered":"https:\/\/cachtickyhrad.eu\/?page_id=992"},"modified":"2018-07-17T22:27:14","modified_gmt":"2018-07-17T20:27:14","slug":"privacy-policy","status":"publish","type":"page","link":"https:\/\/cachtickyhrad.eu\/en\/privacy-policy\/","title":{"rendered":"Ochrana osobn\u00fdch \u00fadajov"},"content":{"rendered":"<div class=\"policy-text\">\n<div class=\"wp-suggested-text\">\n<h2>Kto sme<\/h2>\n<p>Adresa na\u0161ej webovej str\u00e1nky je: https:\/\/cachtickyhrad.eu.<\/p>\n<p>&nbsp;<\/p>\n<ul>\n<li class=\"inline\"><strong>I\u010cO<\/strong> <span>42145571<\/span><\/li>\n<li><strong>S\u00eddlo<\/strong> <span> \u010cachtick\u00e9 hradn\u00e9 m\u00fazeum<br \/>\n\u010cachtick\u00fd hrad, Podz\u00e1mska 1299 91621 \u010cachtice <\/span><\/li>\n<\/ul>\n<p>&nbsp;<\/p>\n<h2>Ak\u00e9 osobn\u00e9 \u00fadaje z\u00edskavame a pre\u010do ich zbierame<\/h2>\n<p class=\"privacy-policy-tutorial\">WordPress nezbiera \u017eiadne osobn\u00e9 \u00fadaje o n\u00e1v\u0161tevn\u00edkoch. Zhroma\u017e\u010fovan\u00e9 s\u00fa iba \u00fadaje od registrovan\u00fdch pou\u017e\u00edvate\u013eov, ktor\u00e9 s\u00fa zobrazen\u00e9 v pou\u017e\u00edvate\u013eskom profile. Napriek tomu, niektor\u00e9 pluginy m\u00f4\u017eu zbiera\u0165 osobn\u00e9 \u00fadaje. Ni\u017e\u0161ie pop\u00ed\u0161te relevantn\u00e9 inform\u00e1cie.<\/p>\n<h3>Koment\u00e1re<\/h3>\n<p>Ke\u010f n\u00e1v\u0161tevn\u00edci webu zanech\u00e1vaj\u00fa na str\u00e1nke koment\u00e1re, zbierame \u00fadaje, ktor\u00e9 s\u00fa zobrazen\u00e9 vo formul\u00e1ri koment\u00e1ra a taktie\u017e IP adresu pou\u017e\u00edvate\u013eov a user-agent prehliada\u010da z d\u00f4vodu ochrany proti spamu.<\/p>\n<p>Anonymizovan\u00fd re\u0165azec vytvoren\u00fd z va\u0161ej e-mailovej adresy (naz\u00fdvan\u00fd aj hash) m\u00f4\u017ee by\u0165 poskytnut\u00fd slu\u017ebe Gravatar pre overenie, \u010di ju pou\u017e\u00edvate. Z\u00e1sady ochrany osobn\u00fdch \u00fadajov slu\u017eby Gravatar n\u00e1jdete na: https:\/\/automattic.com\/privacy\/. Po schv\u00e1len\u00ed v\u00e1\u0161ho koment\u00e1ra bude va\u0161a profilov\u00e1 fotografia verejne zobrazen\u00e1 spolu s obsahom v\u00e1\u0161ho koment\u00e1ra.<\/p>\n<h3>Multim\u00e9di\u00e1<\/h3>\n<p class=\"privacy-policy-tutorial\">VPri nahr\u00e1van\u00ed obr\u00e1zkov na webov\u00fa str\u00e1nku by ste sa mali vyhn\u00fa\u0165 nahr\u00e1vaniu obr\u00e1zkov s EXIF GPS \u00fadajmi o polohe. N\u00e1v\u0161tevn\u00edci webu m\u00f4\u017eu stiahnu\u0165 a zobrazi\u0165 ak\u00e9ko\u013evek \u00fadaje o polohe z obr\u00e1zkov.<\/p>\n<h3>Kontaktn\u00e9 formul\u00e1re<\/h3>\n<p class=\"privacy-policy-tutorial\">Odoslan\u00e9 formul\u00e1re uchov\u00e1vame po dobu nevyhnutn\u00fa na poskytnutie slu\u017eby, no takto zozbieran\u00e9 \u00fadaje nepou\u017e\u00edvame na marketingov\u00e9 \u00fa\u010dely.<\/p>\n<h3>S\u00fabory cookies<\/h3>\n<p>Ak prid\u00e1te koment\u00e1r na na\u0161ej str\u00e1nke, m\u00f4\u017eete s\u00fahlasi\u0165 s ulo\u017een\u00edm v\u00e1\u0161ho mena, e-mailovej adresy a webovej str\u00e1nky do s\u00faborov cookies. Je to pre va\u0161e pohodlie, aby ste nemuseli op\u00e4tovne vyp\u013a\u0148a\u0165 va\u0161e \u00fadaje znovu pri prid\u00e1van\u00ed \u010fal\u0161ieho koment\u00e1ra. Tieto s\u00fabory cookies s\u00fa platn\u00e9 jeden rok.<\/p>\n<p>Ak m\u00e1te na na\u0161ej webovej str\u00e1nke \u00fa\u010det a prihl\u00e1site sa, ulo\u017e\u00edme do\u010dasn\u00e9 s\u00fabory cookies na ur\u010denie toho, \u010di v\u00e1\u0161 prehliada\u010d akceptuje s\u00fabory cookies. Tieto s\u00fabory cookies neobsahuj\u00fa \u017eiadne osobn\u00e9 \u00fadaje a s\u00fa zru\u0161en\u00e9 pri zatvoren\u00ed prehliada\u010da.<\/p>\n<p>Pri prihl\u00e1sen\u00ed nastav\u00edme nieko\u013eko s\u00faborov cookies, aby sme ulo\u017eili va\u0161e prihlasovacie \u00fadaje a nastavenia zobrazenia. Prihlasovacie cookies s\u00fa platn\u00e9 dva dni a nastavenia zobrazenia jeden rok. Ak zvol\u00edte mo\u017enos\u0165 &#8222;zapam\u00e4ta\u0165&#8220;, va\u0161e prihl\u00e1senie bude platn\u00e9 dva t\u00fd\u017edne. Pri odhl\u00e1sen\u00ed sa z v\u00e1\u0161ho \u00fa\u010dtu s\u00fa s\u00fabory cookies odstr\u00e1nen\u00e9.<\/p>\n<p>Pri \u00faprave alebo publikovan\u00ed \u010dl\u00e1nku bud\u00fa vo va\u0161om prehliada\u010di ulo\u017een\u00e9 dodato\u010dn\u00e9 s\u00fabory cookies. Tieto s\u00fabory cookies neobsahuj\u00fa \u017eiadne osobn\u00e9 \u00fadaje a odkazuj\u00fa iba na ID \u010dl\u00e1nku, ktor\u00fd ste upravovali. S\u00fabory s\u00fa platn\u00e9 1 de\u0148.<\/p>\n<h3>Vlo\u017een\u00fd obsah z in\u00fdch webov\u00fdch str\u00e1nok<\/h3>\n<p>\u010cl\u00e1nky na tejto webovej str\u00e1nke m\u00f4\u017eu obsahova\u0165 vlo\u017een\u00fd obsah (napr. vide\u00e1, obr\u00e1zky, \u010dl\u00e1nky a podobne). Vlo\u017een\u00fd obsah z in\u00fdch str\u00e1nok sa chov\u00e1 rovnako, akoby n\u00e1v\u0161tevn\u00edk nav\u0161t\u00edvil in\u00fa webov\u00fa str\u00e1nku.<\/p>\n<p>Tieto webov\u00e9 str\u00e1nky m\u00f4\u017eu o v\u00e1s zbiera\u0165 osobn\u00e9 \u00fadaje, pou\u017e\u00edva\u0165 s\u00fabory cookies, vklada\u0165 tre\u0165o-strann\u00e9 sledovanie a monitorova\u0165 va\u0161u interakciu s vlo\u017een\u00fdm obsahom, v\u010detne sledovania va\u0161ej interakcie s vlo\u017een\u00fdm obsahom, ak na danej webovej str\u00e1nke m\u00e1te \u00fa\u010det a ste prihl\u00e1sen\u00fd.<\/p>\n<h3>Analytika<\/h3>\n<p class=\"privacy-policy-tutorial\">Prevolene, WordPress nezbiera \u017eiadne analytick\u00e9 \u00fadaje. Napriek tomu, mnoh\u00e9 hostingy m\u00f4\u017eu zbiera\u0165 anonymizovan\u00e9 analytick\u00e9 \u00fadaje.<\/p>\n<h2>S k\u00fdm zdie\u013eame va\u0161e \u00fadaje<\/h2>\n<p class=\"privacy-policy-tutorial\">WordPress nezdie\u013ea \u017eiadne osobn\u00e9 \u00fadaje.<\/p>\n<h2>Ako dlho uchov\u00e1vame va\u0161e \u00fadaje<\/h2>\n<p>Pri prid\u00e1van\u00ed koment\u00e1ra, koment\u00e1r a jeho meta\u00fadaje s\u00fa uchov\u00e1van\u00e9 oddelene. V\u010faka tomu vieme automaticky rozpozna\u0165 a schv\u00e1li\u0165 ak\u00e9ko\u013evek s\u00favisiace koment\u00e1re bez toho, aby museli by\u0165 podr\u017ean\u00e9 na moder\u00e1ciu.<\/p>\n<p>Pre pou\u017e\u00edvate\u013eov, ktor\u00ed sa zaregistruj\u00fa na na\u0161ich webov\u00fdch str\u00e1nkach (ak tak\u00ed existuj\u00fa), uklad\u00e1me aj osobn\u00e9 \u00fadaje, ktor\u00e9 poskytuj\u00fa, do ich u\u017e\u00edvate\u013esk\u00e9ho profilu. V\u0161etci pou\u017e\u00edvatelia m\u00f4\u017eu kedyko\u013evek zobrazi\u0165, upravi\u0165 alebo odstr\u00e1ni\u0165 svoje osobn\u00e9 \u00fadaje (okrem zmeny pou\u017e\u00edvate\u013esk\u00e9ho). Spr\u00e1vcovia webov\u00fdch str\u00e1nok tie\u017e m\u00f4\u017eu zobrazi\u0165 a upravi\u0165 tieto inform\u00e1cie.<\/p>\n<h2>Ak\u00e9 pr\u00e1va m\u00e1te nad svojimi \u00fadajmi<\/h2>\n<p>Ak na tejto webovej str\u00e1nke m\u00e1te \u00fa\u010det, alebo ste tu pridali koment\u00e1r, m\u00f4\u017eete po\u017eiada\u0165 o export va\u0161ich osobn\u00fdch \u00fadajov, ktor\u00e9 o v\u00e1s uklad\u00e1me, v\u010detne \u00fadajov, ktor\u00e9 ste n\u00e1m poskytli. M\u00f4\u017eete tak isto po\u017eiada\u0165 o vymazanie osobn\u00fdch \u00fadajov. To sa ale net\u00fdka \u00fadajov, ktor\u00e9 o v\u00e1s mus\u00edme uchov\u00e1va\u0165 z administrat\u00edvnych, pr\u00e1vnych alebo bezpe\u010dnostn\u00fdch d\u00f4vodov.<\/p>\n<h2>Kam posielame va\u0161e \u00fadaje<\/h2>\n<p>Koment\u00e1re n\u00e1v\u0161tevn\u00edkov m\u00f4\u017eu by\u0165 kontrolovan\u00e9 prostredn\u00edctvom automatizovanej slu\u017eby na detekciu spamu.<\/p>\n<\/div>\n<h3>Instagram Feed WD<\/h3>\n<p>Instagram Feed WD plugin pou\u017e\u00edva rozhranie Instagram API na webov\u00fdch str\u00e1nkach V\u0161etky d\u00e1ta z\u00edskan\u00e9 z Instagram cez API s\u00fa ulo\u017een\u00e9 vo vyrovn\u00e1vacej pam\u00e4ti v datab\u00e1ze WordPress na kr\u00e1tku dobu, aby sme mohli poskytn\u00fa\u0165 optimaliz\u00e1ciu front-end.M\u00f4\u017eete n\u00e1s po\u017eiada\u0165, aby sme vymazali va\u0161e \u00fadaje Instagram, ak s\u00fa n\u00e1hodne ulo\u017een\u00e9 do vyrovn\u00e1vacej pam\u00e4te v na\u0161ej datab\u00e1ze webov\u00fdch str\u00e1nok s \u00fadajmi o pod\u00e1van\u00ed hashtag Instagram uklad\u00e1 niektor\u00e9 s\u00fabory cookie v prehliada\u010doch n\u00e1v\u0161tevn\u00edkov webov\u00fdch str\u00e1nok prostredn\u00edctvom \u00fadajov API Tieto cookies sa v\u00e4\u010d\u0161inou pou\u017e\u00edvaj\u00fa na bezpe\u010dnostn\u00e9 \u00fa\u010dely a upravuj\u00fa sa pod\u013ea podmienok politiky ochrany osobn\u00fdch \u00fadajov spolo\u010dnosti Instagram.<\/p>\n<\/div>\n<div class=\"privacy-text-section\">\n<h2>Zdroj: Really Simple SSL<\/h2>\n<div class=\"policy-text\">\n<p>Really Simple SSL and Really Simple SSL doplnky nesprac\u00favaj\u00fa \u017eiadne osobn\u00e9 identifikovate\u013en\u00e9 inform\u00e1cie, tak\u017ee GDPR sa nevz\u0165ahuje na tieto pluginy ani na pou\u017e\u00edvanie t\u00fdchto pluginov na va\u0161ich webov\u00fdch str\u00e1nkach. <a href=\"https:\/\/really-simple-ssl.com\/privacy-statement\/\" target=\"_blank\" rel=\"noopener\">Tu<\/a> n\u00e1jdete na\u0161e z\u00e1sady ochrany osobn\u00fdch \u00fadajov.<\/p>\n<\/div>\n<\/div>\n<div class=\"privacy-text-section\">\n<h2>Zdroj: Akismet<\/h2>\n<div class=\"policy-text\">Zhroma\u017e\u010fujeme inform\u00e1cie o n\u00e1v\u0161tevn\u00edkoch, ktor\u00ed komentuj\u00fa webov\u00e9 str\u00e1nky, ktor\u00e9 pou\u017e\u00edvaj\u00fa na\u0161u slu\u017ebu Akismet proti spamu. Inform\u00e1cie, ktor\u00e9 zhroma\u017e\u010fujeme, z\u00e1visia od toho, ako pou\u017e\u00edvate\u013e nastav\u00ed Akismet pre dan\u00fd web, ale zvy\u010dajne zah\u0155\u0148a adresu IP koment\u00e1tora, pou\u017e\u00edvate\u013esk\u00e9ho agenta, odkazova\u010da a adresu URL str\u00e1nky (spolu s \u010fal\u0161\u00edmi inform\u00e1ciami poskytnut\u00fdmi prihlasovate\u013eom, ako je ich meno, pou\u017e\u00edvate\u013esk\u00e9 meno, e-mail adresu a samotn\u00fd koment\u00e1r).<\/div>\n<\/div>\n<div><\/div>\n<div><\/div>\n<div class=\"privacy-text-section\">\n<div><\/div>\n<\/div>","protected":false},"excerpt":{"rendered":"<p>Kto sme Adresa na\u0161ej webovej str\u00e1nky je: https:\/\/cachtickyhrad.eu. &nbsp; I\u010cO 42145571 S\u00eddlo \u010cachtick\u00e9 hradn\u00e9 m\u00fazeum \u010cachtick\u00fd hrad, Podz\u00e1mska 1299 91621 \u010cachtice &nbsp; Ak\u00e9 osobn\u00e9 \u00fadaje z\u00edskavame a pre\u010do ich zbierame WordPress nezbiera \u017eiadne osobn\u00e9 \u00fadaje o n\u00e1v\u0161tevn\u00edkoch. Zhroma\u017e\u010fovan\u00e9 s\u00fa iba \u00fadaje od registrovan\u00fdch pou\u017e\u00edvate\u013eov, ktor\u00e9 s\u00fa zobrazen\u00e9 v pou\u017e\u00edvate\u013eskom profile.<a class=\"moretag\" href=\"https:\/\/cachtickyhrad.eu\/en\/privacy-policy\/\"> zobrazi\u0165 cel\u00fd \u010dl\u00e1nok&#8230;<\/a><\/p>","protected":false},"author":1,"featured_media":621,"parent":0,"menu_order":0,"comment_status":"closed","ping_status":"closed","template":"","meta":{"ngg_post_thumbnail":0,"footnotes":""},"class_list":["post-992","page","type-page","status-publish","has-post-thumbnail","hentry"],"yoast_head":"<!-- This site is optimized with the Yoast SEO plugin v27.1.1 - https:\/\/yoast.com\/product\/yoast-seo-wordpress\/ -->\n<title>Ochrana osobn\u00fdch \u00fadajov - \u010cachtick\u00fd hrad<\/title>\n<meta name=\"robots\" content=\"index, follow, max-snippet:-1, max-image-preview:large, max-video-preview:-1\" \/>\n<link rel=\"canonical\" href=\"https:\/\/cachtickyhrad.eu\/en\/privacy-policy\/\" \/>\n<meta property=\"og:locale\" content=\"en_GB\" \/>\n<meta property=\"og:type\" content=\"article\" \/>\n<meta property=\"og:title\" content=\"Ochrana osobn\u00fdch \u00fadajov - \u010cachtick\u00fd hrad\" \/>\n<meta property=\"og:description\" content=\"Kto sme Adresa na\u0161ej webovej str\u00e1nky je: https:\/\/cachtickyhrad.eu. &nbsp; I\u010cO 42145571 S\u00eddlo \u010cachtick\u00e9 hradn\u00e9 m\u00fazeum \u010cachtick\u00fd hrad, Podz\u00e1mska 1299 91621 \u010cachtice &nbsp; Ak\u00e9 osobn\u00e9 \u00fadaje z\u00edskavame a pre\u010do ich zbierame WordPress nezbiera \u017eiadne osobn\u00e9 \u00fadaje o n\u00e1v\u0161tevn\u00edkoch. Zhroma\u017e\u010fovan\u00e9 s\u00fa iba \u00fadaje od registrovan\u00fdch pou\u017e\u00edvate\u013eov, ktor\u00e9 s\u00fa zobrazen\u00e9 v pou\u017e\u00edvate\u013eskom profile. zobrazi\u0165 cel\u00fd \u010dl\u00e1nok...\" \/>\n<meta property=\"og:url\" content=\"https:\/\/cachtickyhrad.eu\/en\/privacy-policy\/\" \/>\n<meta property=\"og:site_name\" content=\"\u010cachtick\u00fd hrad\" \/>\n<meta property=\"article:publisher\" content=\"https:\/\/www.facebook.com\/Cachtickyhrad\/\" \/>\n<meta property=\"article:modified_time\" content=\"2018-07-17T20:27:14+00:00\" \/>\n<meta property=\"og:image\" content=\"https:\/\/cachtickyhrad.eu\/wp-content\/uploads\/2018\/02\/bg_post-1024x640.jpg\" \/>\n\t<meta property=\"og:image:width\" content=\"1024\" \/>\n\t<meta property=\"og:image:height\" content=\"640\" \/>\n\t<meta property=\"og:image:type\" content=\"image\/jpeg\" \/>\n<meta name=\"twitter:card\" content=\"summary_large_image\" \/>\n<meta name=\"twitter:label1\" content=\"Estimated reading time\" \/>\n\t<meta name=\"twitter:data1\" content=\"6 minutes\" \/>\n<script type=\"application\/ld+json\" class=\"yoast-schema-graph\">{\"@context\":\"https:\/\/schema.org\",\"@graph\":[{\"@type\":\"WebPage\",\"@id\":\"https:\/\/cachtickyhrad.eu\/privacy-policy\/\",\"url\":\"https:\/\/cachtickyhrad.eu\/privacy-policy\/\",\"name\":\"Ochrana osobn\u00fdch \u00fadajov - \u010cachtick\u00fd hrad\",\"isPartOf\":{\"@id\":\"https:\/\/cachtickyhrad.eu\/#website\"},\"primaryImageOfPage\":{\"@id\":\"https:\/\/cachtickyhrad.eu\/privacy-policy\/#primaryimage\"},\"image\":{\"@id\":\"https:\/\/cachtickyhrad.eu\/privacy-policy\/#primaryimage\"},\"thumbnailUrl\":\"https:\/\/cachtickyhrad.eu\/wp-content\/uploads\/2018\/02\/bg_post-e1648584919430.jpg\",\"datePublished\":\"2018-07-17T11:31:14+00:00\",\"dateModified\":\"2018-07-17T20:27:14+00:00\",\"breadcrumb\":{\"@id\":\"https:\/\/cachtickyhrad.eu\/privacy-policy\/#breadcrumb\"},\"inLanguage\":\"en-GB\",\"potentialAction\":[{\"@type\":\"ReadAction\",\"target\":[\"https:\/\/cachtickyhrad.eu\/privacy-policy\/\"]}]},{\"@type\":\"ImageObject\",\"inLanguage\":\"en-GB\",\"@id\":\"https:\/\/cachtickyhrad.eu\/privacy-policy\/#primaryimage\",\"url\":\"https:\/\/cachtickyhrad.eu\/wp-content\/uploads\/2018\/02\/bg_post-e1648584919430.jpg\",\"contentUrl\":\"https:\/\/cachtickyhrad.eu\/wp-content\/uploads\/2018\/02\/bg_post-e1648584919430.jpg\",\"width\":1920,\"height\":1200},{\"@type\":\"BreadcrumbList\",\"@id\":\"https:\/\/cachtickyhrad.eu\/privacy-policy\/#breadcrumb\",\"itemListElement\":[{\"@type\":\"ListItem\",\"position\":1,\"name\":\"Home\",\"item\":\"https:\/\/cachtickyhrad.eu\/\"},{\"@type\":\"ListItem\",\"position\":2,\"name\":\"Ochrana osobn\u00fdch \u00fadajov\"}]},{\"@type\":\"WebSite\",\"@id\":\"https:\/\/cachtickyhrad.eu\/#website\",\"url\":\"https:\/\/cachtickyhrad.eu\/\",\"name\":\"\u010cachtick\u00fd hrad\",\"description\":\"Ofici\u00e1lna str\u00e1nka\",\"publisher\":{\"@id\":\"https:\/\/cachtickyhrad.eu\/#organization\"},\"potentialAction\":[{\"@type\":\"SearchAction\",\"target\":{\"@type\":\"EntryPoint\",\"urlTemplate\":\"https:\/\/cachtickyhrad.eu\/?s={search_term_string}\"},\"query-input\":{\"@type\":\"PropertyValueSpecification\",\"valueRequired\":true,\"valueName\":\"search_term_string\"}}],\"inLanguage\":\"en-GB\"},{\"@type\":\"Organization\",\"@id\":\"https:\/\/cachtickyhrad.eu\/#organization\",\"name\":\"\u010cachtick\u00fd hrad\",\"url\":\"https:\/\/cachtickyhrad.eu\/\",\"logo\":{\"@type\":\"ImageObject\",\"inLanguage\":\"en-GB\",\"@id\":\"https:\/\/cachtickyhrad.eu\/#\/schema\/logo\/image\/\",\"url\":\"https:\/\/cachtickyhrad.eu\/wp-content\/uploads\/2021\/06\/logo_web.png\",\"contentUrl\":\"https:\/\/cachtickyhrad.eu\/wp-content\/uploads\/2021\/06\/logo_web.png\",\"width\":1000,\"height\":219,\"caption\":\"\u010cachtick\u00fd hrad\"},\"image\":{\"@id\":\"https:\/\/cachtickyhrad.eu\/#\/schema\/logo\/image\/\"},\"sameAs\":[\"https:\/\/www.facebook.com\/Cachtickyhrad\/\",\"https:\/\/www.instagram.com\/cachtice.hrad\/\"]}]}<\/script>\n<!-- \/ Yoast SEO plugin. -->","yoast_head_json":{"title":"Ochrana osobn\u00fdch \u00fadajov - \u010cachtick\u00fd hrad","robots":{"index":"index","follow":"follow","max-snippet":"max-snippet:-1","max-image-preview":"max-image-preview:large","max-video-preview":"max-video-preview:-1"},"canonical":"https:\/\/cachtickyhrad.eu\/en\/privacy-policy\/","og_locale":"en_GB","og_type":"article","og_title":"Ochrana osobn\u00fdch \u00fadajov - \u010cachtick\u00fd hrad","og_description":"Kto sme Adresa na\u0161ej webovej str\u00e1nky je: https:\/\/cachtickyhrad.eu. &nbsp; I\u010cO 42145571 S\u00eddlo \u010cachtick\u00e9 hradn\u00e9 m\u00fazeum \u010cachtick\u00fd hrad, Podz\u00e1mska 1299 91621 \u010cachtice &nbsp; Ak\u00e9 osobn\u00e9 \u00fadaje z\u00edskavame a pre\u010do ich zbierame WordPress nezbiera \u017eiadne osobn\u00e9 \u00fadaje o n\u00e1v\u0161tevn\u00edkoch. Zhroma\u017e\u010fovan\u00e9 s\u00fa iba \u00fadaje od registrovan\u00fdch pou\u017e\u00edvate\u013eov, ktor\u00e9 s\u00fa zobrazen\u00e9 v pou\u017e\u00edvate\u013eskom profile. zobrazi\u0165 cel\u00fd \u010dl\u00e1nok...","og_url":"https:\/\/cachtickyhrad.eu\/en\/privacy-policy\/","og_site_name":"\u010cachtick\u00fd hrad","article_publisher":"https:\/\/www.facebook.com\/Cachtickyhrad\/","article_modified_time":"2018-07-17T20:27:14+00:00","og_image":[{"width":1024,"height":640,"url":"https:\/\/cachtickyhrad.eu\/wp-content\/uploads\/2018\/02\/bg_post-1024x640.jpg","type":"image\/jpeg"}],"twitter_card":"summary_large_image","twitter_misc":{"Estimated reading time":"6 minutes"},"schema":{"@context":"https:\/\/schema.org","@graph":[{"@type":"WebPage","@id":"https:\/\/cachtickyhrad.eu\/privacy-policy\/","url":"https:\/\/cachtickyhrad.eu\/privacy-policy\/","name":"Ochrana osobn\u00fdch \u00fadajov - \u010cachtick\u00fd hrad","isPartOf":{"@id":"https:\/\/cachtickyhrad.eu\/#website"},"primaryImageOfPage":{"@id":"https:\/\/cachtickyhrad.eu\/privacy-policy\/#primaryimage"},"image":{"@id":"https:\/\/cachtickyhrad.eu\/privacy-policy\/#primaryimage"},"thumbnailUrl":"https:\/\/cachtickyhrad.eu\/wp-content\/uploads\/2018\/02\/bg_post-e1648584919430.jpg","datePublished":"2018-07-17T11:31:14+00:00","dateModified":"2018-07-17T20:27:14+00:00","breadcrumb":{"@id":"https:\/\/cachtickyhrad.eu\/privacy-policy\/#breadcrumb"},"inLanguage":"en-GB","potentialAction":[{"@type":"ReadAction","target":["https:\/\/cachtickyhrad.eu\/privacy-policy\/"]}]},{"@type":"ImageObject","inLanguage":"en-GB","@id":"https:\/\/cachtickyhrad.eu\/privacy-policy\/#primaryimage","url":"https:\/\/cachtickyhrad.eu\/wp-content\/uploads\/2018\/02\/bg_post-e1648584919430.jpg","contentUrl":"https:\/\/cachtickyhrad.eu\/wp-content\/uploads\/2018\/02\/bg_post-e1648584919430.jpg","width":1920,"height":1200},{"@type":"BreadcrumbList","@id":"https:\/\/cachtickyhrad.eu\/privacy-policy\/#breadcrumb","itemListElement":[{"@type":"ListItem","position":1,"name":"Home","item":"https:\/\/cachtickyhrad.eu\/"},{"@type":"ListItem","position":2,"name":"Ochrana osobn\u00fdch \u00fadajov"}]},{"@type":"WebSite","@id":"https:\/\/cachtickyhrad.eu\/#website","url":"https:\/\/cachtickyhrad.eu\/","name":"\u010cachtice castle","description":"Official page","publisher":{"@id":"https:\/\/cachtickyhrad.eu\/#organization"},"potentialAction":[{"@type":"SearchAction","target":{"@type":"EntryPoint","urlTemplate":"https:\/\/cachtickyhrad.eu\/?s={search_term_string}"},"query-input":{"@type":"PropertyValueSpecification","valueRequired":true,"valueName":"search_term_string"}}],"inLanguage":"en-GB"},{"@type":"Organization","@id":"https:\/\/cachtickyhrad.eu\/#organization","name":"\u010cachtice castle","url":"https:\/\/cachtickyhrad.eu\/","logo":{"@type":"ImageObject","inLanguage":"en-GB","@id":"https:\/\/cachtickyhrad.eu\/#\/schema\/logo\/image\/","url":"https:\/\/cachtickyhrad.eu\/wp-content\/uploads\/2021\/06\/logo_web.png","contentUrl":"https:\/\/cachtickyhrad.eu\/wp-content\/uploads\/2021\/06\/logo_web.png","width":1000,"height":219,"caption":"\u010cachtick\u00fd hrad"},"image":{"@id":"https:\/\/cachtickyhrad.eu\/#\/schema\/logo\/image\/"},"sameAs":["https:\/\/www.facebook.com\/Cachtickyhrad\/","https:\/\/www.instagram.com\/cachtice.hrad\/"]}]}},"_links":{"self":[{"href":"https:\/\/cachtickyhrad.eu\/en\/wp-json\/wp\/v2\/pages\/992","targetHints":{"allow":["GET"]}}],"collection":[{"href":"https:\/\/cachtickyhrad.eu\/en\/wp-json\/wp\/v2\/pages"}],"about":[{"href":"https:\/\/cachtickyhrad.eu\/en\/wp-json\/wp\/v2\/types\/page"}],"author":[{"embeddable":true,"href":"https:\/\/cachtickyhrad.eu\/en\/wp-json\/wp\/v2\/users\/1"}],"replies":[{"embeddable":true,"href":"https:\/\/cachtickyhrad.eu\/en\/wp-json\/wp\/v2\/comments?post=992"}],"version-history":[{"count":3,"href":"https:\/\/cachtickyhrad.eu\/en\/wp-json\/wp\/v2\/pages\/992\/revisions"}],"predecessor-version":[{"id":1000,"href":"https:\/\/cachtickyhrad.eu\/en\/wp-json\/wp\/v2\/pages\/992\/revisions\/1000"}],"wp:featuredmedia":[{"embeddable":true,"href":"https:\/\/cachtickyhrad.eu\/en\/wp-json\/wp\/v2\/media\/621"}],"wp:attachment":[{"href":"https:\/\/cachtickyhrad.eu\/en\/wp-json\/wp\/v2\/media?parent=992"}],"curies":[{"name":"wp","href":"https:\/\/api.w.org\/{rel}","templated":true}]}}