{"id":49,"date":"2018-02-04T10:18:18","date_gmt":"2018-02-04T09:18:18","guid":{"rendered":"http:\/\/cachtickyhrad.eu\/hestia-front\/"},"modified":"2024-03-28T13:33:24","modified_gmt":"2024-03-28T12:33:24","slug":"uvodna-stranka","status":"publish","type":"page","link":"https:\/\/cachtickyhrad.eu\/en\/","title":{"rendered":"Front Page"},"content":{"rendered":"<div data-elementor-type=\"wp-post\" data-elementor-id=\"49\" class=\"elementor elementor-49\">\n\t\t\t\t\t\t<section class=\"elementor-section elementor-top-section elementor-element elementor-element-31bee7b elementor-section-boxed elementor-section-height-default elementor-section-height-default\" data-id=\"31bee7b\" data-element_type=\"section\" data-e-type=\"section\">\n\t\t\t\t\t\t<div class=\"elementor-container elementor-column-gap-default\">\n\t\t\t\t\t<div class=\"elementor-column elementor-col-100 elementor-top-column elementor-element elementor-element-fd49a8d\" data-id=\"fd49a8d\" data-element_type=\"column\" data-e-type=\"column\">\n\t\t\t<div class=\"elementor-widget-wrap elementor-element-populated\">\n\t\t\t\t\t\t<section class=\"elementor-section elementor-inner-section elementor-element elementor-element-a5aaabf elementor-section-boxed elementor-section-height-default elementor-section-height-default\" data-id=\"a5aaabf\" data-element_type=\"section\" data-e-type=\"section\">\n\t\t\t\t\t\t<div class=\"elementor-container elementor-column-gap-default\">\n\t\t\t\t\t<div class=\"elementor-column elementor-col-50 elementor-inner-column elementor-element elementor-element-f79dd19\" data-id=\"f79dd19\" data-element_type=\"column\" data-e-type=\"column\">\n\t\t\t<div class=\"elementor-widget-wrap elementor-element-populated\">\n\t\t\t\t\t\t<div class=\"elementor-element elementor-element-6dac4a8 elementor-widget elementor-widget-heading\" data-id=\"6dac4a8\" data-element_type=\"widget\" data-e-type=\"widget\" data-widget_type=\"heading.default\">\n\t\t\t\t<div class=\"elementor-widget-container\">\n\t\t\t\t\t<h2 class=\"elementor-heading-title elementor-size-xl\">Entrance fees castle and parking<\/h2>\t\t\t\t<\/div>\n\t\t\t\t<\/div>\n\t\t\t\t<div class=\"elementor-element elementor-element-edbed7d elementor-widget elementor-widget-text-editor\" data-id=\"edbed7d\" data-element_type=\"widget\" data-e-type=\"widget\" data-widget_type=\"text-editor.default\">\n\t\t\t\t<div class=\"elementor-widget-container\">\n\t\t\t\t\t\t\t\t\t<p><strong>V pokladni hradu m\u00f4\u017eete plati\u0165 vstupn\u00e9 aj platobnou kartou.<\/strong> <br \/>Nie je mo\u017en\u00e9 vyu\u017ei\u0165 kult\u00farne poukazy.<\/p><p>Na hrade s\u00fa suven\u00edry a ob\u010derstvenie, kde tie\u017e m\u00f4\u017eete pou\u017ei\u0165 platobn\u00fa kartu.<\/p>\t\t\t\t\t\t\t\t<\/div>\n\t\t\t\t<\/div>\n\t\t\t\t<div class=\"elementor-element elementor-element-828fa49 elementor-hidden-phone elementor-widget elementor-widget-image\" data-id=\"828fa49\" data-element_type=\"widget\" data-e-type=\"widget\" data-widget_type=\"image.default\">\n\t\t\t\t<div class=\"elementor-widget-container\">\n\t\t\t\t\t\t\t\t\t\t\t\t\t\t\t<img fetchpriority=\"high\" decoding=\"async\" width=\"300\" height=\"300\" src=\"https:\/\/cachtickyhrad.eu\/wp-content\/uploads\/2018\/02\/pokladna-300x300.png\" class=\"attachment-medium size-medium wp-image-161\" alt=\"\" srcset=\"https:\/\/cachtickyhrad.eu\/wp-content\/uploads\/2018\/02\/pokladna-300x300.png 300w, https:\/\/cachtickyhrad.eu\/wp-content\/uploads\/2018\/02\/pokladna-150x150.png 150w, https:\/\/cachtickyhrad.eu\/wp-content\/uploads\/2018\/02\/pokladna.png 512w\" sizes=\"(max-width: 300px) 100vw, 300px\" \/>\t\t\t\t\t\t\t\t\t\t\t\t\t\t\t<\/div>\n\t\t\t\t<\/div>\n\t\t\t\t\t<\/div>\n\t\t<\/div>\n\t\t\t\t<div class=\"elementor-column elementor-col-50 elementor-inner-column elementor-element elementor-element-5443c26\" data-id=\"5443c26\" data-element_type=\"column\" data-e-type=\"column\">\n\t\t\t<div class=\"elementor-widget-wrap elementor-element-populated\">\n\t\t\t\t\t\t<div class=\"elementor-element elementor-element-f9e2186 elementor-tabs-view-horizontal elementor-widget elementor-widget-tabs\" data-id=\"f9e2186\" data-element_type=\"widget\" data-e-type=\"widget\" data-widget_type=\"tabs.default\">\n\t\t\t\t<div class=\"elementor-widget-container\">\n\t\t\t\t\t\t\t<div class=\"elementor-tabs\">\n\t\t\t<div class=\"elementor-tabs-wrapper\" role=\"tablist\" >\n\t\t\t\t\t\t\t\t\t<div id=\"elementor-tab-title-2621\" class=\"elementor-tab-title elementor-tab-desktop-title\" aria-selected=\"true\" data-tab=\"1\" role=\"tab\" tabindex=\"0\" aria-controls=\"elementor-tab-content-2621\" aria-expanded=\"false\">Entrance fees castle<\/div>\n\t\t\t\t\t\t\t\t\t<div id=\"elementor-tab-title-2622\" class=\"elementor-tab-title elementor-tab-desktop-title\" aria-selected=\"false\" data-tab=\"2\" role=\"tab\" tabindex=\"-1\" aria-controls=\"elementor-tab-content-2622\" aria-expanded=\"false\">Parking fees<\/div>\n\t\t\t\t\t\t\t<\/div>\n\t\t\t<div class=\"elementor-tabs-content-wrapper\" role=\"tablist\" aria-orientation=\"vertical\">\n\t\t\t\t\t\t\t\t\t<div class=\"elementor-tab-title elementor-tab-mobile-title\" aria-selected=\"true\" data-tab=\"1\" role=\"tab\" tabindex=\"0\" aria-controls=\"elementor-tab-content-2621\" aria-expanded=\"false\">Entrance fees castle<\/div>\n\t\t\t\t\t<div id=\"elementor-tab-content-2621\" class=\"elementor-tab-content elementor-clearfix\" data-tab=\"1\" role=\"tabpanel\" aria-labelledby=\"elementor-tab-title-2621\" tabindex=\"0\" hidden=\"false\"><table width=\"363\">\n<tbody>\n<tr>\n<th width=\"239\">Druh<\/th>\n<th width=\"94\">Be\u017en\u00e9 vstupn\u00e9<\/th>\n<th width=\"94\">V\u00edkendov\u00e9 vstupn\u00e9<\/th>\n<\/tr>\n<tr>\n<td width=\"299\">Adults<\/td>\n<td width=\"64\">4 \u20ac<\/td>\n<td width=\"64\">5 \u20ac<\/td>\n<\/tr>\n<tr>\n<td>Pensioners, handicapped persons and students<\/td>\n<td>3 \u20ac<\/td>\n<td>3,50 \u20ac<\/td>\n<\/tr>\n<tr>\n<td>Deti 6-15<\/td>\n<td>2,50 \u20ac<\/td>\n<td>3 \u20ac<\/td>\n<\/tr>\n<tr>\n<td>Deti 0-5<\/td>\n<td>free entrance<\/td>\n<td>free entrance<\/td>\n<\/tr>\n<tr>\n<td>Rodinn\u00e9 vstupn\u00e9 (2 rodi\u010dia a 1-2 deti)<\/td>\n<td>10 \u20ac<\/td>\n<td>12 \u20ac<\/td>\n<\/tr>\n<tr>\n<td>Citizen of \u010cachtice and Vi\u0161\u0148ov\u00e9<\/td>\n<td>0,50 \u20ac<\/td>\n<td>0,50 \u20ac<\/td>\n<\/tr>\n<tr>\n<td>Fotenie svadby<\/td>\n<td colspan=\"2\" style=\"text-align: center;\">20 \u20ac<\/td>\n<\/tr>\n<\/tbody>\n<\/table>\n<ul>\n<li><em>na vybran\u00e9 podujatia je mo\u017enos\u0165<\/em><strong><em> <a href=\"https:\/\/cachtickyhrad.eu\/online-predaj-vstupeniek\/\" rel=\"noopener\">k\u00fapi\u0165 vstupenky online<\/a><\/em><\/strong><\/li>\n<li>Vstup so ps\u00edkom je do hradu mo\u017en\u00fd v pr\u00edpade, \u017ee je riadne upevnen\u00fd na v\u00f4dzke a ovl\u00e1da ho dospel\u00e1 osoba. V pr\u00edpade zne\u010distenia are\u00e1lu hradu v\u00fdkalmi, je majite\u013e ps\u00edka povinn\u00fd tieto odstr\u00e1ni\u0165.<\/li>\n<\/ul><\/div>\n\t\t\t\t\t\t\t\t\t<div class=\"elementor-tab-title elementor-tab-mobile-title\" aria-selected=\"false\" data-tab=\"2\" role=\"tab\" tabindex=\"-1\" aria-controls=\"elementor-tab-content-2622\" aria-expanded=\"false\">Parking fees<\/div>\n\t\t\t\t\t<div id=\"elementor-tab-content-2622\" class=\"elementor-tab-content elementor-clearfix\" data-tab=\"2\" role=\"tabpanel\" aria-labelledby=\"elementor-tab-title-2622\" tabindex=\"0\" hidden=\"hidden\"><table width=\"200\"><tbody><tr><td width=\"136\">Personal car<\/td><td width=\"64\">3 \u20ac<\/td><\/tr><tr><td>Motorbike<\/td><td>1 \u20ac<\/td><\/tr><tr><td>Bus<\/td><td>3 \u20ac<\/td><\/tr><\/tbody><\/table><p><strong><em>Please, respect the instructions of the operators of the parking lot!!!<\/em><\/strong><\/p><ul><li><em>Route leading to the castle is narroved and many tourist move on it. Conflict situations arise when cars meet there.<\/em><\/li><li><em>We do not reccomend entry to the parking lot under the castle to buses since narrowed road there can be a problem for turning of the bus.<\/em><\/li><li><em>We do not recommend you to park on the sides of the road to the castle and we recommand you to park only on propper parking places. Parking on the sides of the road to the castle can cause inability to move for other cars and in the case of a fire or need for fast ambulance access of emergency cars could be made impossible.<br \/><\/em><\/li><\/ul><\/div>\n\t\t\t\t\t\t\t<\/div>\n\t\t<\/div>\n\t\t\t\t\t\t<\/div>\n\t\t\t\t<\/div>\n\t\t\t\t\t<\/div>\n\t\t<\/div>\n\t\t\t\t\t<\/div>\n\t\t<\/section>\n\t\t\t\t\t<\/div>\n\t\t<\/div>\n\t\t\t\t\t<\/div>\n\t\t<\/section>\n\t\t\t\t<\/div>","protected":false},"excerpt":{"rendered":"<p>Vstupn\u00e9 hrad a parkovisko V pokladni hradu m\u00f4\u017eete plati\u0165 vstupn\u00e9 aj platobnou kartou. Nie je mo\u017en\u00e9 vyu\u017ei\u0165 kult\u00farne poukazy. Na hrade s\u00fa suven\u00edry a ob\u010derstvenie, kde tie\u017e m\u00f4\u017eete pou\u017ei\u0165 platobn\u00fa kartu. Vstupn\u00e9 hrad Vstupn\u00e9 Parkovisko Vstupn\u00e9 hrad Druh Be\u017en\u00e9 vstupn\u00e9 V\u00edkendov\u00e9 vstupn\u00e9 Dospel\u00ed 4 \u20ac 5 \u20ac D\u00f4chodcovia, Z\u0164P, \u0161tudenti<a class=\"moretag\" href=\"https:\/\/cachtickyhrad.eu\/en\/\"> zobrazi\u0165 cel\u00fd \u010dl\u00e1nok&#8230;<\/a><\/p>","protected":false},"author":1,"featured_media":21,"parent":0,"menu_order":0,"comment_status":"closed","ping_status":"closed","template":"","meta":{"ngg_post_thumbnail":0,"footnotes":""},"class_list":["post-49","page","type-page","status-publish","has-post-thumbnail","hentry"],"yoast_head":"<!-- This site is optimized with the Yoast SEO plugin v27.1.1 - https:\/\/yoast.com\/product\/yoast-seo-wordpress\/ -->\n<title>\u010cachtick\u00fd hrad - Ofici\u00e1lna str\u00e1nka<\/title>\n<meta name=\"description\" content=\"Malebn\u00e1 zr\u00facanina \u201etajomn\u00e9ho hradu v Karpatoch\u201c, vyp\u00ednaj\u00faca sa na vrchu \u010dachtick\u00e9ho krasu. Otv\u00e1racie hodiny, v\u00fdklad, parkovanie a v\u0161etky potrebn\u00e9 inform\u00e1cie.\" \/>\n<meta name=\"robots\" content=\"index, follow, max-snippet:-1, max-image-preview:large, max-video-preview:-1\" \/>\n<link rel=\"canonical\" href=\"https:\/\/cachtickyhrad.eu\/en\/\" \/>\n<meta property=\"og:locale\" content=\"en_GB\" \/>\n<meta property=\"og:type\" content=\"article\" \/>\n<meta property=\"og:title\" content=\"\u010cachtick\u00fd hrad - Ofici\u00e1lna str\u00e1nka\" \/>\n<meta property=\"og:description\" content=\"Malebn\u00e1 zr\u00facanina \u201etajomn\u00e9ho hradu v Karpatoch\u201c, vyp\u00ednaj\u00faca sa na vrchu \u010dachtick\u00e9ho krasu, medzi obcami \u010cachtice a Vi\u0161\u0148ov\u00e9.\" \/>\n<meta property=\"og:url\" content=\"https:\/\/cachtickyhrad.eu\/en\/\" \/>\n<meta property=\"og:site_name\" content=\"\u010cachtick\u00fd hrad\" \/>\n<meta property=\"article:publisher\" content=\"https:\/\/www.facebook.com\/Cachtickyhrad\/\" \/>\n<meta property=\"article:modified_time\" content=\"2024-03-28T12:33:24+00:00\" \/>\n<meta property=\"og:image\" content=\"http:\/\/cachtickyhrad.eu\/wp-content\/uploads\/2018\/02\/DSC9602-Pano-2-1.jpg\" \/>\n<meta name=\"twitter:card\" content=\"summary_large_image\" \/>\n<meta name=\"twitter:label1\" content=\"Estimated reading time\" \/>\n\t<meta name=\"twitter:data1\" content=\"2 minutes\" \/>\n<script type=\"application\/ld+json\" class=\"yoast-schema-graph\">{\"@context\":\"https:\/\/schema.org\",\"@graph\":[{\"@type\":\"WebPage\",\"@id\":\"https:\/\/cachtickyhrad.eu\/\",\"url\":\"https:\/\/cachtickyhrad.eu\/\",\"name\":\"\u010cachtick\u00fd hrad - Ofici\u00e1lna str\u00e1nka\",\"isPartOf\":{\"@id\":\"https:\/\/cachtickyhrad.eu\/#website\"},\"primaryImageOfPage\":{\"@id\":\"https:\/\/cachtickyhrad.eu\/#primaryimage\"},\"image\":{\"@id\":\"https:\/\/cachtickyhrad.eu\/#primaryimage\"},\"thumbnailUrl\":\"https:\/\/cachtickyhrad.eu\/wp-content\/uploads\/2018\/02\/DSC4938.jpg\",\"datePublished\":\"2018-02-04T09:18:18+00:00\",\"dateModified\":\"2024-03-28T12:33:24+00:00\",\"description\":\"Malebn\u00e1 zr\u00facanina \u201etajomn\u00e9ho hradu v Karpatoch\u201c, vyp\u00ednaj\u00faca sa na vrchu \u010dachtick\u00e9ho krasu. Otv\u00e1racie hodiny, v\u00fdklad, parkovanie a v\u0161etky potrebn\u00e9 inform\u00e1cie.\",\"breadcrumb\":{\"@id\":\"https:\/\/cachtickyhrad.eu\/#breadcrumb\"},\"inLanguage\":\"en-GB\",\"potentialAction\":[{\"@type\":\"ReadAction\",\"target\":[\"https:\/\/cachtickyhrad.eu\/\"]}]},{\"@type\":\"ImageObject\",\"inLanguage\":\"en-GB\",\"@id\":\"https:\/\/cachtickyhrad.eu\/#primaryimage\",\"url\":\"https:\/\/cachtickyhrad.eu\/wp-content\/uploads\/2018\/02\/DSC4938.jpg\",\"contentUrl\":\"https:\/\/cachtickyhrad.eu\/wp-content\/uploads\/2018\/02\/DSC4938.jpg\",\"width\":1920,\"height\":1080},{\"@type\":\"BreadcrumbList\",\"@id\":\"https:\/\/cachtickyhrad.eu\/#breadcrumb\",\"itemListElement\":[{\"@type\":\"ListItem\",\"position\":1,\"name\":\"Home\",\"item\":\"https:\/\/cachtickyhrad.eu\/\"},{\"@type\":\"ListItem\",\"position\":2,\"name\":\"Front Page\"}]},{\"@type\":\"WebSite\",\"@id\":\"https:\/\/cachtickyhrad.eu\/#website\",\"url\":\"https:\/\/cachtickyhrad.eu\/\",\"name\":\"\u010cachtick\u00fd hrad\",\"description\":\"Ofici\u00e1lna str\u00e1nka\",\"publisher\":{\"@id\":\"https:\/\/cachtickyhrad.eu\/#organization\"},\"potentialAction\":[{\"@type\":\"SearchAction\",\"target\":{\"@type\":\"EntryPoint\",\"urlTemplate\":\"https:\/\/cachtickyhrad.eu\/?s={search_term_string}\"},\"query-input\":{\"@type\":\"PropertyValueSpecification\",\"valueRequired\":true,\"valueName\":\"search_term_string\"}}],\"inLanguage\":\"en-GB\"},{\"@type\":\"Organization\",\"@id\":\"https:\/\/cachtickyhrad.eu\/#organization\",\"name\":\"\u010cachtick\u00fd hrad\",\"url\":\"https:\/\/cachtickyhrad.eu\/\",\"logo\":{\"@type\":\"ImageObject\",\"inLanguage\":\"en-GB\",\"@id\":\"https:\/\/cachtickyhrad.eu\/#\/schema\/logo\/image\/\",\"url\":\"https:\/\/cachtickyhrad.eu\/wp-content\/uploads\/2021\/06\/logo_web.png\",\"contentUrl\":\"https:\/\/cachtickyhrad.eu\/wp-content\/uploads\/2021\/06\/logo_web.png\",\"width\":1000,\"height\":219,\"caption\":\"\u010cachtick\u00fd hrad\"},\"image\":{\"@id\":\"https:\/\/cachtickyhrad.eu\/#\/schema\/logo\/image\/\"},\"sameAs\":[\"https:\/\/www.facebook.com\/Cachtickyhrad\/\",\"https:\/\/www.instagram.com\/cachtice.hrad\/\"]}]}<\/script>\n<!-- \/ Yoast SEO plugin. -->","yoast_head_json":{"title":"\u010cachtick\u00fd hrad - Ofici\u00e1lna str\u00e1nka","description":"Malebn\u00e1 zr\u00facanina \u201etajomn\u00e9ho hradu v Karpatoch\u201c, vyp\u00ednaj\u00faca sa na vrchu \u010dachtick\u00e9ho krasu. Otv\u00e1racie hodiny, v\u00fdklad, parkovanie a v\u0161etky potrebn\u00e9 inform\u00e1cie.","robots":{"index":"index","follow":"follow","max-snippet":"max-snippet:-1","max-image-preview":"max-image-preview:large","max-video-preview":"max-video-preview:-1"},"canonical":"https:\/\/cachtickyhrad.eu\/en\/","og_locale":"en_GB","og_type":"article","og_title":"\u010cachtick\u00fd hrad - Ofici\u00e1lna str\u00e1nka","og_description":"Malebn\u00e1 zr\u00facanina \u201etajomn\u00e9ho hradu v Karpatoch\u201c, vyp\u00ednaj\u00faca sa na vrchu \u010dachtick\u00e9ho krasu, medzi obcami \u010cachtice a Vi\u0161\u0148ov\u00e9.","og_url":"https:\/\/cachtickyhrad.eu\/en\/","og_site_name":"\u010cachtick\u00fd hrad","article_publisher":"https:\/\/www.facebook.com\/Cachtickyhrad\/","article_modified_time":"2024-03-28T12:33:24+00:00","og_image":[{"url":"http:\/\/cachtickyhrad.eu\/wp-content\/uploads\/2018\/02\/DSC9602-Pano-2-1.jpg","type":"","width":"","height":""}],"twitter_card":"summary_large_image","twitter_misc":{"Estimated reading time":"2 minutes"},"schema":{"@context":"https:\/\/schema.org","@graph":[{"@type":"WebPage","@id":"https:\/\/cachtickyhrad.eu\/","url":"https:\/\/cachtickyhrad.eu\/","name":"\u010cachtick\u00fd hrad - Ofici\u00e1lna str\u00e1nka","isPartOf":{"@id":"https:\/\/cachtickyhrad.eu\/#website"},"primaryImageOfPage":{"@id":"https:\/\/cachtickyhrad.eu\/#primaryimage"},"image":{"@id":"https:\/\/cachtickyhrad.eu\/#primaryimage"},"thumbnailUrl":"https:\/\/cachtickyhrad.eu\/wp-content\/uploads\/2018\/02\/DSC4938.jpg","datePublished":"2018-02-04T09:18:18+00:00","dateModified":"2024-03-28T12:33:24+00:00","description":"Malebn\u00e1 zr\u00facanina \u201etajomn\u00e9ho hradu v Karpatoch\u201c, vyp\u00ednaj\u00faca sa na vrchu \u010dachtick\u00e9ho krasu. Otv\u00e1racie hodiny, v\u00fdklad, parkovanie a v\u0161etky potrebn\u00e9 inform\u00e1cie.","breadcrumb":{"@id":"https:\/\/cachtickyhrad.eu\/#breadcrumb"},"inLanguage":"en-GB","potentialAction":[{"@type":"ReadAction","target":["https:\/\/cachtickyhrad.eu\/"]}]},{"@type":"ImageObject","inLanguage":"en-GB","@id":"https:\/\/cachtickyhrad.eu\/#primaryimage","url":"https:\/\/cachtickyhrad.eu\/wp-content\/uploads\/2018\/02\/DSC4938.jpg","contentUrl":"https:\/\/cachtickyhrad.eu\/wp-content\/uploads\/2018\/02\/DSC4938.jpg","width":1920,"height":1080},{"@type":"BreadcrumbList","@id":"https:\/\/cachtickyhrad.eu\/#breadcrumb","itemListElement":[{"@type":"ListItem","position":1,"name":"Home","item":"https:\/\/cachtickyhrad.eu\/"},{"@type":"ListItem","position":2,"name":"Front Page"}]},{"@type":"WebSite","@id":"https:\/\/cachtickyhrad.eu\/#website","url":"https:\/\/cachtickyhrad.eu\/","name":"\u010cachtice castle","description":"Official page","publisher":{"@id":"https:\/\/cachtickyhrad.eu\/#organization"},"potentialAction":[{"@type":"SearchAction","target":{"@type":"EntryPoint","urlTemplate":"https:\/\/cachtickyhrad.eu\/?s={search_term_string}"},"query-input":{"@type":"PropertyValueSpecification","valueRequired":true,"valueName":"search_term_string"}}],"inLanguage":"en-GB"},{"@type":"Organization","@id":"https:\/\/cachtickyhrad.eu\/#organization","name":"\u010cachtice castle","url":"https:\/\/cachtickyhrad.eu\/","logo":{"@type":"ImageObject","inLanguage":"en-GB","@id":"https:\/\/cachtickyhrad.eu\/#\/schema\/logo\/image\/","url":"https:\/\/cachtickyhrad.eu\/wp-content\/uploads\/2021\/06\/logo_web.png","contentUrl":"https:\/\/cachtickyhrad.eu\/wp-content\/uploads\/2021\/06\/logo_web.png","width":1000,"height":219,"caption":"\u010cachtick\u00fd hrad"},"image":{"@id":"https:\/\/cachtickyhrad.eu\/#\/schema\/logo\/image\/"},"sameAs":["https:\/\/www.facebook.com\/Cachtickyhrad\/","https:\/\/www.instagram.com\/cachtice.hrad\/"]}]}},"_links":{"self":[{"href":"https:\/\/cachtickyhrad.eu\/en\/wp-json\/wp\/v2\/pages\/49","targetHints":{"allow":["GET"]}}],"collection":[{"href":"https:\/\/cachtickyhrad.eu\/en\/wp-json\/wp\/v2\/pages"}],"about":[{"href":"https:\/\/cachtickyhrad.eu\/en\/wp-json\/wp\/v2\/types\/page"}],"author":[{"embeddable":true,"href":"https:\/\/cachtickyhrad.eu\/en\/wp-json\/wp\/v2\/users\/1"}],"replies":[{"embeddable":true,"href":"https:\/\/cachtickyhrad.eu\/en\/wp-json\/wp\/v2\/comments?post=49"}],"version-history":[{"count":92,"href":"https:\/\/cachtickyhrad.eu\/en\/wp-json\/wp\/v2\/pages\/49\/revisions"}],"predecessor-version":[{"id":2587,"href":"https:\/\/cachtickyhrad.eu\/en\/wp-json\/wp\/v2\/pages\/49\/revisions\/2587"}],"wp:featuredmedia":[{"embeddable":true,"href":"https:\/\/cachtickyhrad.eu\/en\/wp-json\/wp\/v2\/media\/21"}],"wp:attachment":[{"href":"https:\/\/cachtickyhrad.eu\/en\/wp-json\/wp\/v2\/media?parent=49"}],"curies":[{"name":"wp","href":"https:\/\/api.w.org\/{rel}","templated":true}]}}