{"id":321,"date":"2018-02-09T11:55:16","date_gmt":"2018-02-09T10:55:16","guid":{"rendered":"http:\/\/cachtickyhrad.eu\/?page_id=321"},"modified":"2021-09-22T09:09:05","modified_gmt":"2021-09-22T07:09:05","slug":"priroda-a-okolie","status":"publish","type":"page","link":"https:\/\/cachtickyhrad.eu\/en\/priroda-a-okolie\/","title":{"rendered":"Natural sites"},"content":{"rendered":"<h2 class=\"wp-block-heading\">\u010cachtice Castle Hill<\/h2>\n\n\n\n<p>\u010cachtice Castle Hill is a National Protected Nature Area in the Small Carpathians. It was given this status in 1964 (with an amendment in 1993) with an area of 57,17 hectares without the protection zone. The northern parts of the mountains with \u010cachtice Castle Hill and the ruins of the Cachtcice Castle building are subject to protection within the National Protected Nature Area. The geological base of the area is dated to the Mesozoic era and surface and subterranean Karst forms occur here. We find rare vegetation too, typical of combined areas of forest and steppe, including Mediterranean and thermopile species. Rare species of insects live here too. The National Protected Nature Area is part of the Protected Countryside Area of the small Carpathian Mountains. The National Protected Nature Area is regulated by the 4th degree of natural protection which is the second strictest category.<\/p>\n\n\n\n<div class=\"wp-block-image\"><figure class=\"alignright is-resized\"><img fetchpriority=\"high\" decoding=\"async\" src=\"http:\/\/cachtickyhrad.eu\/wp-content\/uploads\/2018\/02\/hradny_vrch-300x169.jpg\" alt=\"\" width=\"378\" height=\"213\"\/><\/figure><\/div>\n\n\n\n<p>The area is today covered by secondary ecosystems of thermopile vegetation of varied composition. Coronilla latifolia grows only here in Slovakia. Then we can also find here Stipa joannis, Jurinea mollis, Linum austriacum and several other rare species of plants. Amongst the fauna here we have many thermopile species, some of them rare and protected. Of the insects attention can be drawn to Semannotus russicus [Long Horned Beetle], which develops in old juniper trees, which are to be found in abundance in the foothills. We also find here Saga pedo [Wingless Bush Cricket], Mantis religiosa [Praying Mantis], Papilio machaon [Swallowtail Butterfly] and other insects. Similarly the location provides good habitat for vertebrates. Species which remained here from the interglacial periods or warm periods of the post-glacial era live here, having accommodated themselves to the secondary forest-steppe area.<\/p>\n\n\n\n<p><a data-elementor-open-lightbox=\"default\" href=\"http:\/\/cachtickyhrad.eu\/wp-content\/uploads\/2018\/02\/hradny_vrch.jpg\"><\/a><strong>-<\/strong><\/p>\n\n\n\n<p><strong>Predpis:<\/strong> Rozhodnutie Komisie SNR pre \u0160aK z 21. augusta 1964 \u010d. 30, \u00faprava \u010d. 58906\/1964-osv.\/6 publikovan\u00e1 pod \u010d. \u0160aK 13621\/1964-osv. (Vestn\u00edk M\u0160aK, zo\u0161it 1 z 10. 1. 1965)<br><strong>Rozloha:<\/strong> 13,7326 ha (ochrann\u00e9 p\u00e1smo 27,1046 ha)<br><strong>Poloha:<\/strong> okres Nov\u00e9 Mesto nad V\u00e1hom<br><strong>Katastr\u00e1lne \u00fazemie: <\/strong>\u010cachtice, Vi\u0161\u0148ov\u00e9<\/p>\n\n\n\n<h2 class=\"wp-block-heading\">\u010cachtice karst<\/h2>\n\n\n\n<p>\u010cachtice karst is a system consisting of 12 caves in the Massif of the Drapliak Hill which reaches considerable length and consists of beautifully decorated. caves which are accessible only with guides \u2013 speleologists. \u010cachtice cave was discovered in 1956 and consequently another 1300 meters were discovered. The cave is embellished by rich stalagmite \u2013 stalactite decoration. More than 3000 meters of corridors were discovered until now.<\/p>\n\n\n\n<hr class=\"wp-block-separator\"\/>","protected":false},"excerpt":{"rendered":"<p>\u010cachtick\u00fd hradn\u00fd vrch\u200b \u010cachtick\u00fd hradn\u00fd vrch je n\u00e1rodn\u00e1 pr\u00edrodn\u00e1 rezerv\u00e1cia v pohor\u00ed Mal\u00e9 Karpaty. Vyhl\u00e1sen\u00e1 bola v roku 1964 (s noveliz\u00e1ciou z roku 1993) na rozlohe 56,17 ha, bez ochrann\u00e9ho p\u00e1sma. Predmetom ochrany s\u00fa severn\u00e9 \u010dasti pohoria \u2013 hradn\u00fd vrch s dominuj\u00facou zr\u00facaninou hradu \u010cachtice. Geologick\u00fd podklad je datovan\u00fd do<a class=\"moretag\" href=\"https:\/\/cachtickyhrad.eu\/en\/priroda-a-okolie\/\"> zobrazi\u0165 cel\u00fd \u010dl\u00e1nok&#8230;<\/a><\/p>","protected":false},"author":1,"featured_media":322,"parent":0,"menu_order":0,"comment_status":"closed","ping_status":"closed","template":"","meta":{"ngg_post_thumbnail":0,"footnotes":""},"class_list":["post-321","page","type-page","status-publish","has-post-thumbnail","hentry"],"yoast_head":"<!-- This site is optimized with the Yoast SEO plugin v27.1.1 - https:\/\/yoast.com\/product\/yoast-seo-wordpress\/ -->\n<title>Pr\u00edroda a okolie - \u010cachtick\u00fd hrad<\/title>\n<meta name=\"robots\" content=\"index, follow, max-snippet:-1, max-image-preview:large, max-video-preview:-1\" \/>\n<link rel=\"canonical\" href=\"https:\/\/cachtickyhrad.eu\/en\/priroda-a-okolie\/\" \/>\n<meta property=\"og:locale\" content=\"en_GB\" \/>\n<meta property=\"og:type\" content=\"article\" \/>\n<meta property=\"og:title\" content=\"Pr\u00edroda a okolie - \u010cachtick\u00fd hrad\" \/>\n<meta property=\"og:description\" content=\"\u010cachtick\u00fd hradn\u00fd vrch\u200b \u010cachtick\u00fd hradn\u00fd vrch je n\u00e1rodn\u00e1 pr\u00edrodn\u00e1 rezerv\u00e1cia v pohor\u00ed Mal\u00e9 Karpaty. Vyhl\u00e1sen\u00e1 bola v roku 1964 (s noveliz\u00e1ciou z roku 1993) na rozlohe 56,17 ha, bez ochrann\u00e9ho p\u00e1sma. Predmetom ochrany s\u00fa severn\u00e9 \u010dasti pohoria \u2013 hradn\u00fd vrch s dominuj\u00facou zr\u00facaninou hradu \u010cachtice. Geologick\u00fd podklad je datovan\u00fd do zobrazi\u0165 cel\u00fd \u010dl\u00e1nok...\" \/>\n<meta property=\"og:url\" content=\"https:\/\/cachtickyhrad.eu\/en\/priroda-a-okolie\/\" \/>\n<meta property=\"og:site_name\" content=\"\u010cachtick\u00fd hrad\" \/>\n<meta property=\"article:publisher\" content=\"https:\/\/www.facebook.com\/Cachtickyhrad\/\" \/>\n<meta property=\"article:modified_time\" content=\"2021-09-22T07:09:05+00:00\" \/>\n<meta property=\"og:image\" content=\"https:\/\/cachtickyhrad.eu\/wp-content\/uploads\/2018\/02\/P1080211-1024x576.jpg\" \/>\n\t<meta property=\"og:image:width\" content=\"1024\" \/>\n\t<meta property=\"og:image:height\" content=\"576\" \/>\n\t<meta property=\"og:image:type\" content=\"image\/jpeg\" \/>\n<meta name=\"twitter:card\" content=\"summary_large_image\" \/>\n<meta name=\"twitter:label1\" content=\"Estimated reading time\" \/>\n\t<meta name=\"twitter:data1\" content=\"3 minutes\" \/>\n<script type=\"application\/ld+json\" class=\"yoast-schema-graph\">{\"@context\":\"https:\/\/schema.org\",\"@graph\":[{\"@type\":\"WebPage\",\"@id\":\"https:\/\/cachtickyhrad.eu\/priroda-a-okolie\/\",\"url\":\"https:\/\/cachtickyhrad.eu\/priroda-a-okolie\/\",\"name\":\"Pr\u00edroda a okolie - \u010cachtick\u00fd hrad\",\"isPartOf\":{\"@id\":\"https:\/\/cachtickyhrad.eu\/#website\"},\"primaryImageOfPage\":{\"@id\":\"https:\/\/cachtickyhrad.eu\/priroda-a-okolie\/#primaryimage\"},\"image\":{\"@id\":\"https:\/\/cachtickyhrad.eu\/priroda-a-okolie\/#primaryimage\"},\"thumbnailUrl\":\"https:\/\/cachtickyhrad.eu\/wp-content\/uploads\/2018\/02\/P1080211.jpg\",\"datePublished\":\"2018-02-09T10:55:16+00:00\",\"dateModified\":\"2021-09-22T07:09:05+00:00\",\"breadcrumb\":{\"@id\":\"https:\/\/cachtickyhrad.eu\/priroda-a-okolie\/#breadcrumb\"},\"inLanguage\":\"en-GB\",\"potentialAction\":[{\"@type\":\"ReadAction\",\"target\":[\"https:\/\/cachtickyhrad.eu\/priroda-a-okolie\/\"]}]},{\"@type\":\"ImageObject\",\"inLanguage\":\"en-GB\",\"@id\":\"https:\/\/cachtickyhrad.eu\/priroda-a-okolie\/#primaryimage\",\"url\":\"https:\/\/cachtickyhrad.eu\/wp-content\/uploads\/2018\/02\/P1080211.jpg\",\"contentUrl\":\"https:\/\/cachtickyhrad.eu\/wp-content\/uploads\/2018\/02\/P1080211.jpg\",\"width\":4794,\"height\":2697},{\"@type\":\"BreadcrumbList\",\"@id\":\"https:\/\/cachtickyhrad.eu\/priroda-a-okolie\/#breadcrumb\",\"itemListElement\":[{\"@type\":\"ListItem\",\"position\":1,\"name\":\"Home\",\"item\":\"https:\/\/cachtickyhrad.eu\/\"},{\"@type\":\"ListItem\",\"position\":2,\"name\":\"Pr\u00edroda a okolie\"}]},{\"@type\":\"WebSite\",\"@id\":\"https:\/\/cachtickyhrad.eu\/#website\",\"url\":\"https:\/\/cachtickyhrad.eu\/\",\"name\":\"\u010cachtick\u00fd hrad\",\"description\":\"Ofici\u00e1lna str\u00e1nka\",\"publisher\":{\"@id\":\"https:\/\/cachtickyhrad.eu\/#organization\"},\"potentialAction\":[{\"@type\":\"SearchAction\",\"target\":{\"@type\":\"EntryPoint\",\"urlTemplate\":\"https:\/\/cachtickyhrad.eu\/?s={search_term_string}\"},\"query-input\":{\"@type\":\"PropertyValueSpecification\",\"valueRequired\":true,\"valueName\":\"search_term_string\"}}],\"inLanguage\":\"en-GB\"},{\"@type\":\"Organization\",\"@id\":\"https:\/\/cachtickyhrad.eu\/#organization\",\"name\":\"\u010cachtick\u00fd hrad\",\"url\":\"https:\/\/cachtickyhrad.eu\/\",\"logo\":{\"@type\":\"ImageObject\",\"inLanguage\":\"en-GB\",\"@id\":\"https:\/\/cachtickyhrad.eu\/#\/schema\/logo\/image\/\",\"url\":\"https:\/\/cachtickyhrad.eu\/wp-content\/uploads\/2021\/06\/logo_web.png\",\"contentUrl\":\"https:\/\/cachtickyhrad.eu\/wp-content\/uploads\/2021\/06\/logo_web.png\",\"width\":1000,\"height\":219,\"caption\":\"\u010cachtick\u00fd hrad\"},\"image\":{\"@id\":\"https:\/\/cachtickyhrad.eu\/#\/schema\/logo\/image\/\"},\"sameAs\":[\"https:\/\/www.facebook.com\/Cachtickyhrad\/\",\"https:\/\/www.instagram.com\/cachtice.hrad\/\"]}]}<\/script>\n<!-- \/ Yoast SEO plugin. -->","yoast_head_json":{"title":"Pr\u00edroda a okolie - \u010cachtick\u00fd hrad","robots":{"index":"index","follow":"follow","max-snippet":"max-snippet:-1","max-image-preview":"max-image-preview:large","max-video-preview":"max-video-preview:-1"},"canonical":"https:\/\/cachtickyhrad.eu\/en\/priroda-a-okolie\/","og_locale":"en_GB","og_type":"article","og_title":"Pr\u00edroda a okolie - \u010cachtick\u00fd hrad","og_description":"\u010cachtick\u00fd hradn\u00fd vrch\u200b \u010cachtick\u00fd hradn\u00fd vrch je n\u00e1rodn\u00e1 pr\u00edrodn\u00e1 rezerv\u00e1cia v pohor\u00ed Mal\u00e9 Karpaty. Vyhl\u00e1sen\u00e1 bola v roku 1964 (s noveliz\u00e1ciou z roku 1993) na rozlohe 56,17 ha, bez ochrann\u00e9ho p\u00e1sma. Predmetom ochrany s\u00fa severn\u00e9 \u010dasti pohoria \u2013 hradn\u00fd vrch s dominuj\u00facou zr\u00facaninou hradu \u010cachtice. Geologick\u00fd podklad je datovan\u00fd do zobrazi\u0165 cel\u00fd \u010dl\u00e1nok...","og_url":"https:\/\/cachtickyhrad.eu\/en\/priroda-a-okolie\/","og_site_name":"\u010cachtick\u00fd hrad","article_publisher":"https:\/\/www.facebook.com\/Cachtickyhrad\/","article_modified_time":"2021-09-22T07:09:05+00:00","og_image":[{"width":1024,"height":576,"url":"https:\/\/cachtickyhrad.eu\/wp-content\/uploads\/2018\/02\/P1080211-1024x576.jpg","type":"image\/jpeg"}],"twitter_card":"summary_large_image","twitter_misc":{"Estimated reading time":"3 minutes"},"schema":{"@context":"https:\/\/schema.org","@graph":[{"@type":"WebPage","@id":"https:\/\/cachtickyhrad.eu\/priroda-a-okolie\/","url":"https:\/\/cachtickyhrad.eu\/priroda-a-okolie\/","name":"Pr\u00edroda a okolie - \u010cachtick\u00fd hrad","isPartOf":{"@id":"https:\/\/cachtickyhrad.eu\/#website"},"primaryImageOfPage":{"@id":"https:\/\/cachtickyhrad.eu\/priroda-a-okolie\/#primaryimage"},"image":{"@id":"https:\/\/cachtickyhrad.eu\/priroda-a-okolie\/#primaryimage"},"thumbnailUrl":"https:\/\/cachtickyhrad.eu\/wp-content\/uploads\/2018\/02\/P1080211.jpg","datePublished":"2018-02-09T10:55:16+00:00","dateModified":"2021-09-22T07:09:05+00:00","breadcrumb":{"@id":"https:\/\/cachtickyhrad.eu\/priroda-a-okolie\/#breadcrumb"},"inLanguage":"en-GB","potentialAction":[{"@type":"ReadAction","target":["https:\/\/cachtickyhrad.eu\/priroda-a-okolie\/"]}]},{"@type":"ImageObject","inLanguage":"en-GB","@id":"https:\/\/cachtickyhrad.eu\/priroda-a-okolie\/#primaryimage","url":"https:\/\/cachtickyhrad.eu\/wp-content\/uploads\/2018\/02\/P1080211.jpg","contentUrl":"https:\/\/cachtickyhrad.eu\/wp-content\/uploads\/2018\/02\/P1080211.jpg","width":4794,"height":2697},{"@type":"BreadcrumbList","@id":"https:\/\/cachtickyhrad.eu\/priroda-a-okolie\/#breadcrumb","itemListElement":[{"@type":"ListItem","position":1,"name":"Home","item":"https:\/\/cachtickyhrad.eu\/"},{"@type":"ListItem","position":2,"name":"Pr\u00edroda a okolie"}]},{"@type":"WebSite","@id":"https:\/\/cachtickyhrad.eu\/#website","url":"https:\/\/cachtickyhrad.eu\/","name":"\u010cachtice castle","description":"Official page","publisher":{"@id":"https:\/\/cachtickyhrad.eu\/#organization"},"potentialAction":[{"@type":"SearchAction","target":{"@type":"EntryPoint","urlTemplate":"https:\/\/cachtickyhrad.eu\/?s={search_term_string}"},"query-input":{"@type":"PropertyValueSpecification","valueRequired":true,"valueName":"search_term_string"}}],"inLanguage":"en-GB"},{"@type":"Organization","@id":"https:\/\/cachtickyhrad.eu\/#organization","name":"\u010cachtice castle","url":"https:\/\/cachtickyhrad.eu\/","logo":{"@type":"ImageObject","inLanguage":"en-GB","@id":"https:\/\/cachtickyhrad.eu\/#\/schema\/logo\/image\/","url":"https:\/\/cachtickyhrad.eu\/wp-content\/uploads\/2021\/06\/logo_web.png","contentUrl":"https:\/\/cachtickyhrad.eu\/wp-content\/uploads\/2021\/06\/logo_web.png","width":1000,"height":219,"caption":"\u010cachtick\u00fd hrad"},"image":{"@id":"https:\/\/cachtickyhrad.eu\/#\/schema\/logo\/image\/"},"sameAs":["https:\/\/www.facebook.com\/Cachtickyhrad\/","https:\/\/www.instagram.com\/cachtice.hrad\/"]}]}},"_links":{"self":[{"href":"https:\/\/cachtickyhrad.eu\/en\/wp-json\/wp\/v2\/pages\/321","targetHints":{"allow":["GET"]}}],"collection":[{"href":"https:\/\/cachtickyhrad.eu\/en\/wp-json\/wp\/v2\/pages"}],"about":[{"href":"https:\/\/cachtickyhrad.eu\/en\/wp-json\/wp\/v2\/types\/page"}],"author":[{"embeddable":true,"href":"https:\/\/cachtickyhrad.eu\/en\/wp-json\/wp\/v2\/users\/1"}],"replies":[{"embeddable":true,"href":"https:\/\/cachtickyhrad.eu\/en\/wp-json\/wp\/v2\/comments?post=321"}],"version-history":[{"count":11,"href":"https:\/\/cachtickyhrad.eu\/en\/wp-json\/wp\/v2\/pages\/321\/revisions"}],"predecessor-version":[{"id":1667,"href":"https:\/\/cachtickyhrad.eu\/en\/wp-json\/wp\/v2\/pages\/321\/revisions\/1667"}],"wp:featuredmedia":[{"embeddable":true,"href":"https:\/\/cachtickyhrad.eu\/en\/wp-json\/wp\/v2\/media\/322"}],"wp:attachment":[{"href":"https:\/\/cachtickyhrad.eu\/en\/wp-json\/wp\/v2\/media?parent=321"}],"curies":[{"name":"wp","href":"https:\/\/api.w.org\/{rel}","templated":true}]}}