{"id":291,"date":"2018-02-08T16:17:04","date_gmt":"2018-02-08T15:17:04","guid":{"rendered":"http:\/\/cachtickyhrad.eu\/?page_id=291"},"modified":"2022-03-30T21:34:22","modified_gmt":"2022-03-30T19:34:22","slug":"ako-na-hrad","status":"publish","type":"page","link":"https:\/\/cachtickyhrad.eu\/en\/ako-na-hrad\/","title":{"rendered":"How to get to the castle"},"content":{"rendered":"<div class=\"wp-block-image\"><figure class=\"aligncenter is-resized\"><img decoding=\"async\" src=\"http:\/\/cachtickyhrad.eu\/wp-content\/uploads\/2018\/02\/auto.png\" alt=\"auto\" width=\"202\" height=\"161\" title=\"auto\"\/><\/figure><\/div>\n\n\n\n<h3 class=\"has-text-align-center wp-block-heading\">By car<\/h3>\n\n\n\n<p>By car you can use the motorway D1 Bratislava \u2013\u017dilina, exit Nov\u00e9 Mesto nad V\u00e1hom \/ Rako\u013euby-Beckov. From the exit it is about 10 minutes drive into the centre of the village of \u010cachtice. From the centre of the village it takes about 45 minutes by foot on the regular route (partially covered with asphalt surface and partially covered with gravel) leading into the Castle entrance. With a car or a motorbike you can get on the parking place under the Castle (limited number of parking places) and then it takes about 20 minutes by foot (partially on asphalt, partially on gravel surface).<br><iframe style=\"border: 0;\" src=\"https:\/\/www.google.com\/maps\/embed?pb=!1m25!1m12!1m3!1d42091.283325850534!2d17.830195935039214!3d48.74932774882777!2m3!1f0!2f0!3f0!3m2!1i1024!2i768!4f13.1!4m10!1i0!3e6!4m3!3m2!1d48.762518!2d17.863285599999998!4m3!3m2!1d48.7239169!2d17.7618981!5e0!3m2!1ssk!2ssk!4v1427286837067\" width=\"100%\" height=\"300\" frameborder=\"0\"><\/iframe><\/p>\n\n\n\n<div class=\"wp-block-image\"><figure class=\"aligncenter is-resized\"><img decoding=\"async\" src=\"http:\/\/cachtickyhrad.eu\/wp-content\/uploads\/2018\/02\/vlak.png\" alt=\"vlak\" width=\"202\" height=\"161\" title=\"vlak\"\/><\/figure><\/div>\n\n\n\n<h3 class=\"has-text-align-center wp-block-heading\">By train<\/h3>\n\n\n\n<p>\u017eelezni\u010dnou tra\u0165ou Bratislava \u2013 \u017dilina do stanice Nov\u00e9 Mesto nad V\u00e1hom. Odtia\u013e vlakom do \u010cacht\u00edc po trati sp\u00e1jaj\u00facu Nov\u00e9 Mesto nad V\u00e1hom \u2013 Vesel\u00ed nad Moravou. Z vlakovej stanice pe\u0161o smer centrum. Cesta trv\u00e1 cca 20 min\u00fat.<\/p>\n\n\n\n<div class=\"wp-block-image\"><figure class=\"aligncenter is-resized\"><img decoding=\"async\" src=\"http:\/\/cachtickyhrad.eu\/wp-content\/uploads\/2018\/02\/bus.png\" alt=\"bus\" width=\"202\" height=\"161\" title=\"bus\"\/><\/figure><\/div>\n\n\n\n<h3 class=\"has-text-align-center wp-block-heading\">By bus<\/h3>\n\n\n\n<p>By Bus from the bus station in Nov\u00e9 Mesto nad V\u00e1hom (situated next to the railway station in Nov\u00e9 Mesto nad V\u00e1hom) you can use the bus line to \u010cachtice. You get off at the bus stop \u201c\u010cachtice n\u00e1mestie\u201d (\u010cachtice square).<\/p>\n\n\n\n<div class=\"wp-block-image\"><figure class=\"aligncenter is-resized\"><img loading=\"lazy\" decoding=\"async\" src=\"http:\/\/cachtickyhrad.eu\/wp-content\/uploads\/2018\/02\/peso.png\" alt=\"peso\" width=\"202\" height=\"161\" title=\"peso\"\/><\/figure><\/div>\n\n\n\n<h3 class=\"has-text-align-center wp-block-heading\">By foot<\/h3>\n\n\n\n<p>n\u00e1v\u0161tevn\u00edk pod\u013ea informa\u010dn\u00fdch tab\u00fa\u013e, ktor\u00e9 s\u00fa v centre obce \u013eahko n\u00e1jde cestu na hrad a k historick\u00fdm pamiatkam obce. Z centra obce cesta trv\u00e1 pe\u0161o cca 45 min. po upravenej ceste (\u010das\u0165 asfalt, \u010das\u0165 \u0161trkov\u00fd podklad) a\u017e po vstupn\u00fa br\u00e1nu do hradu. Priklad\u00e1me aj mapku pre \u013eah\u0161iu orient\u00e1ciu.<\/p>\n\n\n\n<figure class=\"wp-block-image\"><img decoding=\"async\" src=\"http:\/\/cachtickyhrad.eu\/wp-content\/uploads\/2018\/02\/mapa-z-obce-na-hrad1-1024x705.jpg\" alt=\"\"\/><\/figure>","protected":false},"excerpt":{"rendered":"<p>Autom po dia\u013enici D1 Bratislava \u2013 \u017dilina, v\u00fdjazd Nov\u00e9 Mesto nad V\u00e1hom \/ Rako\u013euby \u2013 Beckov \u2013 cca 10 min. do centra obce \u010cachtice. Z centra obce pe\u0161o cca 45 min. po upravenej ceste (\u010das\u0165 asfalt, \u010das\u0165 \u0161trkov\u00fd podklad) a\u017e po vstupn\u00fa br\u00e1nu do hradu, pr\u00edpadne motorov\u00fdm vozidlom na parkovisko<a class=\"moretag\" href=\"https:\/\/cachtickyhrad.eu\/en\/ako-na-hrad\/\"> zobrazi\u0165 cel\u00fd \u010dl\u00e1nok&#8230;<\/a><\/p>","protected":false},"author":1,"featured_media":746,"parent":0,"menu_order":0,"comment_status":"closed","ping_status":"closed","template":"","meta":{"ngg_post_thumbnail":0,"footnotes":""},"class_list":["post-291","page","type-page","status-publish","has-post-thumbnail","hentry"],"yoast_head":"<!-- This site is optimized with the Yoast SEO plugin v27.1.1 - https:\/\/yoast.com\/product\/yoast-seo-wordpress\/ -->\n<title>Ako na hrad \/ pr\u00edstup<\/title>\n<meta name=\"robots\" content=\"index, follow, max-snippet:-1, max-image-preview:large, max-video-preview:-1\" \/>\n<link rel=\"canonical\" href=\"https:\/\/cachtickyhrad.eu\/en\/ako-na-hrad\/\" \/>\n<meta property=\"og:locale\" content=\"en_GB\" \/>\n<meta property=\"og:type\" content=\"article\" \/>\n<meta property=\"og:title\" content=\"Ako na hrad \/ pr\u00edstup\" \/>\n<meta property=\"og:description\" content=\"Autom po dia\u013enici D1 Bratislava \u2013 \u017dilina, v\u00fdjazd Nov\u00e9 Mesto nad V\u00e1hom \/ Rako\u013euby \u2013 Beckov \u2013 cca 10 min. do centra obce \u010cachtice. Z centra obce pe\u0161o cca 45 min. po upravenej ceste (\u010das\u0165 asfalt, \u010das\u0165 \u0161trkov\u00fd podklad) a\u017e po vstupn\u00fa br\u00e1nu do hradu, pr\u00edpadne motorov\u00fdm vozidlom na parkovisko zobrazi\u0165 cel\u00fd \u010dl\u00e1nok...\" \/>\n<meta property=\"og:url\" content=\"https:\/\/cachtickyhrad.eu\/en\/ako-na-hrad\/\" \/>\n<meta property=\"og:site_name\" content=\"\u010cachtick\u00fd hrad\" \/>\n<meta property=\"article:publisher\" content=\"https:\/\/www.facebook.com\/Cachtickyhrad\/\" \/>\n<meta property=\"article:modified_time\" content=\"2022-03-30T19:34:22+00:00\" \/>\n<meta property=\"og:image\" content=\"https:\/\/cachtickyhrad.eu\/wp-content\/uploads\/2018\/02\/hrad3.jpg\" \/>\n\t<meta property=\"og:image:width\" content=\"1920\" \/>\n\t<meta property=\"og:image:height\" content=\"727\" \/>\n\t<meta property=\"og:image:type\" content=\"image\/jpeg\" \/>\n<meta name=\"twitter:card\" content=\"summary_large_image\" \/>\n<meta name=\"twitter:label1\" content=\"Estimated reading time\" \/>\n\t<meta name=\"twitter:data1\" content=\"2 minutes\" \/>\n<script type=\"application\/ld+json\" class=\"yoast-schema-graph\">{\"@context\":\"https:\/\/schema.org\",\"@graph\":[{\"@type\":\"WebPage\",\"@id\":\"https:\/\/cachtickyhrad.eu\/ako-na-hrad\/\",\"url\":\"https:\/\/cachtickyhrad.eu\/ako-na-hrad\/\",\"name\":\"Ako na hrad \/ pr\u00edstup\",\"isPartOf\":{\"@id\":\"https:\/\/cachtickyhrad.eu\/#website\"},\"primaryImageOfPage\":{\"@id\":\"https:\/\/cachtickyhrad.eu\/ako-na-hrad\/#primaryimage\"},\"image\":{\"@id\":\"https:\/\/cachtickyhrad.eu\/ako-na-hrad\/#primaryimage\"},\"thumbnailUrl\":\"https:\/\/cachtickyhrad.eu\/wp-content\/uploads\/2018\/02\/hrad3.jpg\",\"datePublished\":\"2018-02-08T15:17:04+00:00\",\"dateModified\":\"2022-03-30T19:34:22+00:00\",\"breadcrumb\":{\"@id\":\"https:\/\/cachtickyhrad.eu\/ako-na-hrad\/#breadcrumb\"},\"inLanguage\":\"en-GB\",\"potentialAction\":[{\"@type\":\"ReadAction\",\"target\":[\"https:\/\/cachtickyhrad.eu\/ako-na-hrad\/\"]}]},{\"@type\":\"ImageObject\",\"inLanguage\":\"en-GB\",\"@id\":\"https:\/\/cachtickyhrad.eu\/ako-na-hrad\/#primaryimage\",\"url\":\"https:\/\/cachtickyhrad.eu\/wp-content\/uploads\/2018\/02\/hrad3.jpg\",\"contentUrl\":\"https:\/\/cachtickyhrad.eu\/wp-content\/uploads\/2018\/02\/hrad3.jpg\",\"width\":1920,\"height\":727},{\"@type\":\"BreadcrumbList\",\"@id\":\"https:\/\/cachtickyhrad.eu\/ako-na-hrad\/#breadcrumb\",\"itemListElement\":[{\"@type\":\"ListItem\",\"position\":1,\"name\":\"Home\",\"item\":\"https:\/\/cachtickyhrad.eu\/\"},{\"@type\":\"ListItem\",\"position\":2,\"name\":\"Ako na hrad\"}]},{\"@type\":\"WebSite\",\"@id\":\"https:\/\/cachtickyhrad.eu\/#website\",\"url\":\"https:\/\/cachtickyhrad.eu\/\",\"name\":\"\u010cachtick\u00fd hrad\",\"description\":\"Ofici\u00e1lna str\u00e1nka\",\"publisher\":{\"@id\":\"https:\/\/cachtickyhrad.eu\/#organization\"},\"potentialAction\":[{\"@type\":\"SearchAction\",\"target\":{\"@type\":\"EntryPoint\",\"urlTemplate\":\"https:\/\/cachtickyhrad.eu\/?s={search_term_string}\"},\"query-input\":{\"@type\":\"PropertyValueSpecification\",\"valueRequired\":true,\"valueName\":\"search_term_string\"}}],\"inLanguage\":\"en-GB\"},{\"@type\":\"Organization\",\"@id\":\"https:\/\/cachtickyhrad.eu\/#organization\",\"name\":\"\u010cachtick\u00fd hrad\",\"url\":\"https:\/\/cachtickyhrad.eu\/\",\"logo\":{\"@type\":\"ImageObject\",\"inLanguage\":\"en-GB\",\"@id\":\"https:\/\/cachtickyhrad.eu\/#\/schema\/logo\/image\/\",\"url\":\"https:\/\/cachtickyhrad.eu\/wp-content\/uploads\/2021\/06\/logo_web.png\",\"contentUrl\":\"https:\/\/cachtickyhrad.eu\/wp-content\/uploads\/2021\/06\/logo_web.png\",\"width\":1000,\"height\":219,\"caption\":\"\u010cachtick\u00fd hrad\"},\"image\":{\"@id\":\"https:\/\/cachtickyhrad.eu\/#\/schema\/logo\/image\/\"},\"sameAs\":[\"https:\/\/www.facebook.com\/Cachtickyhrad\/\",\"https:\/\/www.instagram.com\/cachtice.hrad\/\"]}]}<\/script>\n<!-- \/ Yoast SEO plugin. -->","yoast_head_json":{"title":"Ako na hrad \/ pr\u00edstup","robots":{"index":"index","follow":"follow","max-snippet":"max-snippet:-1","max-image-preview":"max-image-preview:large","max-video-preview":"max-video-preview:-1"},"canonical":"https:\/\/cachtickyhrad.eu\/en\/ako-na-hrad\/","og_locale":"en_GB","og_type":"article","og_title":"Ako na hrad \/ pr\u00edstup","og_description":"Autom po dia\u013enici D1 Bratislava \u2013 \u017dilina, v\u00fdjazd Nov\u00e9 Mesto nad V\u00e1hom \/ Rako\u013euby \u2013 Beckov \u2013 cca 10 min. do centra obce \u010cachtice. Z centra obce pe\u0161o cca 45 min. po upravenej ceste (\u010das\u0165 asfalt, \u010das\u0165 \u0161trkov\u00fd podklad) a\u017e po vstupn\u00fa br\u00e1nu do hradu, pr\u00edpadne motorov\u00fdm vozidlom na parkovisko zobrazi\u0165 cel\u00fd \u010dl\u00e1nok...","og_url":"https:\/\/cachtickyhrad.eu\/en\/ako-na-hrad\/","og_site_name":"\u010cachtick\u00fd hrad","article_publisher":"https:\/\/www.facebook.com\/Cachtickyhrad\/","article_modified_time":"2022-03-30T19:34:22+00:00","og_image":[{"width":1920,"height":727,"url":"https:\/\/cachtickyhrad.eu\/wp-content\/uploads\/2018\/02\/hrad3.jpg","type":"image\/jpeg"}],"twitter_card":"summary_large_image","twitter_misc":{"Estimated reading time":"2 minutes"},"schema":{"@context":"https:\/\/schema.org","@graph":[{"@type":"WebPage","@id":"https:\/\/cachtickyhrad.eu\/ako-na-hrad\/","url":"https:\/\/cachtickyhrad.eu\/ako-na-hrad\/","name":"Ako na hrad \/ pr\u00edstup","isPartOf":{"@id":"https:\/\/cachtickyhrad.eu\/#website"},"primaryImageOfPage":{"@id":"https:\/\/cachtickyhrad.eu\/ako-na-hrad\/#primaryimage"},"image":{"@id":"https:\/\/cachtickyhrad.eu\/ako-na-hrad\/#primaryimage"},"thumbnailUrl":"https:\/\/cachtickyhrad.eu\/wp-content\/uploads\/2018\/02\/hrad3.jpg","datePublished":"2018-02-08T15:17:04+00:00","dateModified":"2022-03-30T19:34:22+00:00","breadcrumb":{"@id":"https:\/\/cachtickyhrad.eu\/ako-na-hrad\/#breadcrumb"},"inLanguage":"en-GB","potentialAction":[{"@type":"ReadAction","target":["https:\/\/cachtickyhrad.eu\/ako-na-hrad\/"]}]},{"@type":"ImageObject","inLanguage":"en-GB","@id":"https:\/\/cachtickyhrad.eu\/ako-na-hrad\/#primaryimage","url":"https:\/\/cachtickyhrad.eu\/wp-content\/uploads\/2018\/02\/hrad3.jpg","contentUrl":"https:\/\/cachtickyhrad.eu\/wp-content\/uploads\/2018\/02\/hrad3.jpg","width":1920,"height":727},{"@type":"BreadcrumbList","@id":"https:\/\/cachtickyhrad.eu\/ako-na-hrad\/#breadcrumb","itemListElement":[{"@type":"ListItem","position":1,"name":"Home","item":"https:\/\/cachtickyhrad.eu\/"},{"@type":"ListItem","position":2,"name":"Ako na hrad"}]},{"@type":"WebSite","@id":"https:\/\/cachtickyhrad.eu\/#website","url":"https:\/\/cachtickyhrad.eu\/","name":"\u010cachtice castle","description":"Official page","publisher":{"@id":"https:\/\/cachtickyhrad.eu\/#organization"},"potentialAction":[{"@type":"SearchAction","target":{"@type":"EntryPoint","urlTemplate":"https:\/\/cachtickyhrad.eu\/?s={search_term_string}"},"query-input":{"@type":"PropertyValueSpecification","valueRequired":true,"valueName":"search_term_string"}}],"inLanguage":"en-GB"},{"@type":"Organization","@id":"https:\/\/cachtickyhrad.eu\/#organization","name":"\u010cachtice castle","url":"https:\/\/cachtickyhrad.eu\/","logo":{"@type":"ImageObject","inLanguage":"en-GB","@id":"https:\/\/cachtickyhrad.eu\/#\/schema\/logo\/image\/","url":"https:\/\/cachtickyhrad.eu\/wp-content\/uploads\/2021\/06\/logo_web.png","contentUrl":"https:\/\/cachtickyhrad.eu\/wp-content\/uploads\/2021\/06\/logo_web.png","width":1000,"height":219,"caption":"\u010cachtick\u00fd hrad"},"image":{"@id":"https:\/\/cachtickyhrad.eu\/#\/schema\/logo\/image\/"},"sameAs":["https:\/\/www.facebook.com\/Cachtickyhrad\/","https:\/\/www.instagram.com\/cachtice.hrad\/"]}]}},"_links":{"self":[{"href":"https:\/\/cachtickyhrad.eu\/en\/wp-json\/wp\/v2\/pages\/291","targetHints":{"allow":["GET"]}}],"collection":[{"href":"https:\/\/cachtickyhrad.eu\/en\/wp-json\/wp\/v2\/pages"}],"about":[{"href":"https:\/\/cachtickyhrad.eu\/en\/wp-json\/wp\/v2\/types\/page"}],"author":[{"embeddable":true,"href":"https:\/\/cachtickyhrad.eu\/en\/wp-json\/wp\/v2\/users\/1"}],"replies":[{"embeddable":true,"href":"https:\/\/cachtickyhrad.eu\/en\/wp-json\/wp\/v2\/comments?post=291"}],"version-history":[{"count":8,"href":"https:\/\/cachtickyhrad.eu\/en\/wp-json\/wp\/v2\/pages\/291\/revisions"}],"predecessor-version":[{"id":1813,"href":"https:\/\/cachtickyhrad.eu\/en\/wp-json\/wp\/v2\/pages\/291\/revisions\/1813"}],"wp:featuredmedia":[{"embeddable":true,"href":"https:\/\/cachtickyhrad.eu\/en\/wp-json\/wp\/v2\/media\/746"}],"wp:attachment":[{"href":"https:\/\/cachtickyhrad.eu\/en\/wp-json\/wp\/v2\/media?parent=291"}],"curies":[{"name":"wp","href":"https:\/\/api.w.org\/{rel}","templated":true}]}}