{"id":1732,"date":"2022-03-29T22:07:21","date_gmt":"2022-03-29T20:07:21","guid":{"rendered":"https:\/\/cachtickyhrad.eu\/?page_id=1732"},"modified":"2022-03-30T21:28:09","modified_gmt":"2022-03-30T19:28:09","slug":"otvaracie-hodiny","status":"publish","type":"page","link":"https:\/\/cachtickyhrad.eu\/en\/otvaracie-hodiny\/","title":{"rendered":"Opening hours"},"content":{"rendered":"<h2 class=\"wp-block-heading\">\u010cachtice castle<\/h2>\n\n\n\n<div id=\"footable_parent_251\"\n         class=\"footable_parent ninja_table_wrapper loading_ninja_table wp_table_data_press_parent semantic_ui\">\n                <table data-ninja_table_instance=\"ninja_table_instance_0\" data-footable_id=\"251\" data-filter-delay=\"1000\" aria-label=\"Opening hours\"            id=\"footable_251\"\n           data-unique_identifier=\"ninja_table_unique_id_3382282079_251\"\n           class=\"foo-table ninja_footable foo_table_251 ninja_table_unique_id_3382282079_251 ui table hodiny_hrad  nt_type_ single line selectable striped compact  footable-paging-right ninja_table_search_disabled\">\n                <colgroup>\n                            <col class=\"ninja_column_0\">\n                            <col class=\"ninja_column_1\">\n                            <col class=\"ninja_column_2\">\n                            <col class=\"ninja_column_3\">\n                    <\/colgroup>\n            <\/table>\n    \n    \n    \n<\/div>\n\n\n\n\n<p class=\"has-small-font-size\">&#8211; Posledn\u00fd mo\u017en\u00fd vstup do hradu je 30 min\u00fat pred jeho uzatvoren\u00edm.<br>&#8211; \u010cachtick\u00fd hrad je po\u010das \u0161t\u00e1tnych sviatkov\u00a0 pre verejnos\u0165 norm\u00e1lne otvoren\u00fd v zmysle otv\u00e1rac\u00edch hod\u00edn hradu.<br>&#8211; Spr\u00e1va hradu si vyhradzuje pr\u00e1vo v pr\u00edpade nepriazniv\u00fdch poveternostn\u00fdch podmienok, alebo v pr\u00edpade konania akci\u00ed na hrade upravi\u0165 otv\u00e1racie hodiny, obmedzi\u0165 pohyb n\u00e1v\u0161tevn\u00edkov v are\u00e1li hradu, alebo hrad pre verejnos\u0165 uzatvori\u0165. Najnov\u0161ie inform\u00e1cie n\u00e1jdete v sekcii Aktuality.<\/p>\n\n\n\n<h2 class=\"wp-block-heading\">Guided tours<\/h2>\n\n\n\n<div id=\"footable_parent_1728\"\n         class=\"footable_parent ninja_table_wrapper loading_ninja_table wp_table_data_press_parent semantic_ui\">\n                <table data-ninja_table_instance=\"ninja_table_instance_1\" data-footable_id=\"1728\" data-filter-delay=\"1000\" aria-label=\"Guided tours\"            id=\"footable_1728\"\n           data-unique_identifier=\"ninja_table_unique_id_1911981852_1728\"\n           class=\"foo-table ninja_footable foo_table_1728 ninja_table_unique_id_1911981852_1728 ui table  nt_type_ single line selectable striped compact  footable-paging-right ninja_table_search_disabled\">\n                <colgroup>\n                            <col class=\"ninja_column_0\">\n                            <col class=\"ninja_column_1\">\n                            <col class=\"ninja_column_2\">\n                    <\/colgroup>\n            <\/table>\n    \n    \n    \n<\/div>\n\n\n\n\n<p class=\"has-small-font-size\">Po\u010das v\u00edkendov\u00fdch akci\u00ed na hrade m\u00f4\u017eu by\u0165 prehliadky upraven\u00e9 pod\u013ea prebiehaj\u00faceho programu.<br>Prehliadky s v\u00fdkladom sa realizuj\u00fa, po\u010das letnej turistickej sez\u00f3ny, v tom pr\u00edpade ak sa na hrade nach\u00e1dza viac ako 10 n\u00e1v\u0161tevn\u00edkov.<\/p>\n\n\n\n<h2 class=\"wp-block-heading\">Parkovisko<\/h2>\n\n\n\n<p><strong>April, May, June, September<\/strong><\/p>\n\n\n\n<ul class=\"wp-block-list\"><li>Sobota \u2013 Nede\u013ea &nbsp;&nbsp;&nbsp;&nbsp;&nbsp;&nbsp;&nbsp;&nbsp;&nbsp;&nbsp;&nbsp; 9:30 \u2013 17:00<\/li><\/ul>\n\n\n\n<p><strong>July - August<\/strong><\/p>\n\n\n\n<ul class=\"wp-block-list\"><li>Pondelok &nbsp; &nbsp; &nbsp; &nbsp; &nbsp; &nbsp; &nbsp; &nbsp; &nbsp; &nbsp; &nbsp; &nbsp; 11:30 \u2013 18:00<\/li><li>Utorok \u2013 Nede\u013ea&nbsp;&nbsp;&nbsp;&nbsp;&nbsp;&nbsp;&nbsp;&nbsp;&nbsp;&nbsp;&nbsp;&nbsp;&nbsp; 9:00 \u2013 18:00<\/li><\/ul>\n\n\n\n<p><em><strong>Please, respect the instructions of the operators of the parking lot!!!<\/strong><\/em><\/p>\n\n\n\n<ul class=\"has-small-font-size wp-block-list\"><li>Nako\u013eko je po\u010det miest na parkovisku pod hradom limitovan\u00fd, odpor\u00fa\u010dame n\u00e1v\u0161tevn\u00edkom, aby svoje motorov\u00e9 vozidl\u00e1 zanechali dolu v&nbsp;obci \/zatr\u00e1vnen\u00fd priestor ved\u013ea Domu sm\u00fatku pri cintor\u00ednoch, na n\u00e1mest\u00ed a&nbsp;pri\u013eahl\u00fdch uliciach pr\u00edp. na ulici Dru\u017estevn\u00e1\/.<\/li><li>Vozovka ved\u00faca k&nbsp;hradu je z\u00fa\u017een\u00e1 a&nbsp;pohybuje sa po nej ve\u013ek\u00e9 mno\u017estvo turistov. Pri strete vozidiel tu vznikaj\u00fa kol\u00edzne situ\u00e1cie.<\/li><li>Autobusom vjazd na parkovisko pod hradom neodpor\u00fa\u010dame, nako\u013eko je tu mal\u00e1 \u0161\u00edrka vozovky, a&nbsp;m\u00f4\u017ee by\u0165 probl\u00e9m s&nbsp;oto\u010den\u00edm.<\/li><li>Odpor\u00fa\u010dame neparkova\u0165 po krajniciach pod parkoviskom pod hradom, ale iba na riadnom parkovisku. Cesta by sa t\u00fdm \u00faplne zneprejazdnila a&nbsp;v&nbsp;pr\u00edpade po\u017eiaru alebo potreby privola\u0165 z\u00e1chrann\u00e9 vozidlo RZP, by sa znemo\u017enil vstup t\u00fdchto z\u00e1chrann\u00fdch zlo\u017eiek.<\/li><\/ul>","protected":false},"excerpt":{"rendered":"<p>\u010cachtick\u00fd hrad &#8211; Posledn\u00fd mo\u017en\u00fd vstup do hradu je 30 min\u00fat pred jeho uzatvoren\u00edm.&#8211; \u010cachtick\u00fd hrad je po\u010das \u0161t\u00e1tnych sviatkov\u00a0 pre verejnos\u0165 norm\u00e1lne otvoren\u00fd v zmysle otv\u00e1rac\u00edch hod\u00edn hradu.&#8211; Spr\u00e1va hradu si vyhradzuje pr\u00e1vo v pr\u00edpade nepriazniv\u00fdch poveternostn\u00fdch podmienok, alebo v pr\u00edpade konania akci\u00ed na hrade upravi\u0165 otv\u00e1racie hodiny, obmedzi\u0165<a class=\"moretag\" href=\"https:\/\/cachtickyhrad.eu\/en\/otvaracie-hodiny\/\"> zobrazi\u0165 cel\u00fd \u010dl\u00e1nok&#8230;<\/a><\/p>","protected":false},"author":1,"featured_media":621,"parent":0,"menu_order":0,"comment_status":"closed","ping_status":"closed","template":"elementor_theme","meta":{"ngg_post_thumbnail":0,"footnotes":""},"class_list":["post-1732","page","type-page","status-publish","has-post-thumbnail","hentry"],"yoast_head":"<!-- This site is optimized with the Yoast SEO plugin v27.1.1 - https:\/\/yoast.com\/product\/yoast-seo-wordpress\/ -->\n<title>Otv\u00e1racie hodiny - \u010cachtick\u00fd hrad<\/title>\n<meta name=\"robots\" content=\"index, follow, max-snippet:-1, max-image-preview:large, max-video-preview:-1\" \/>\n<link rel=\"canonical\" href=\"https:\/\/cachtickyhrad.eu\/en\/otvaracie-hodiny\/\" \/>\n<meta property=\"og:locale\" content=\"en_GB\" \/>\n<meta property=\"og:type\" content=\"article\" \/>\n<meta property=\"og:title\" content=\"Otv\u00e1racie hodiny - \u010cachtick\u00fd hrad\" \/>\n<meta property=\"og:description\" content=\"\u010cachtick\u00fd hrad &#8211; Posledn\u00fd mo\u017en\u00fd vstup do hradu je 30 min\u00fat pred jeho uzatvoren\u00edm.&#8211; \u010cachtick\u00fd hrad je po\u010das \u0161t\u00e1tnych sviatkov\u00a0 pre verejnos\u0165 norm\u00e1lne otvoren\u00fd v zmysle otv\u00e1rac\u00edch hod\u00edn hradu.&#8211; Spr\u00e1va hradu si vyhradzuje pr\u00e1vo v pr\u00edpade nepriazniv\u00fdch poveternostn\u00fdch podmienok, alebo v pr\u00edpade konania akci\u00ed na hrade upravi\u0165 otv\u00e1racie hodiny, obmedzi\u0165 zobrazi\u0165 cel\u00fd \u010dl\u00e1nok...\" \/>\n<meta property=\"og:url\" content=\"https:\/\/cachtickyhrad.eu\/en\/otvaracie-hodiny\/\" \/>\n<meta property=\"og:site_name\" content=\"\u010cachtick\u00fd hrad\" \/>\n<meta property=\"article:publisher\" content=\"https:\/\/www.facebook.com\/Cachtickyhrad\/\" \/>\n<meta property=\"article:modified_time\" content=\"2022-03-30T19:28:09+00:00\" \/>\n<meta property=\"og:image\" content=\"https:\/\/cachtickyhrad.eu\/wp-content\/uploads\/2018\/02\/bg_post-e1648584919430.jpg\" \/>\n\t<meta property=\"og:image:width\" content=\"1920\" \/>\n\t<meta property=\"og:image:height\" content=\"1200\" \/>\n\t<meta property=\"og:image:type\" content=\"image\/jpeg\" \/>\n<meta name=\"twitter:card\" content=\"summary_large_image\" \/>\n<meta name=\"twitter:label1\" content=\"Estimated reading time\" \/>\n\t<meta name=\"twitter:data1\" content=\"2 minutes\" \/>\n<script type=\"application\/ld+json\" class=\"yoast-schema-graph\">{\"@context\":\"https:\/\/schema.org\",\"@graph\":[{\"@type\":\"WebPage\",\"@id\":\"https:\/\/cachtickyhrad.eu\/otvaracie-hodiny\/\",\"url\":\"https:\/\/cachtickyhrad.eu\/otvaracie-hodiny\/\",\"name\":\"Otv\u00e1racie hodiny - \u010cachtick\u00fd hrad\",\"isPartOf\":{\"@id\":\"https:\/\/cachtickyhrad.eu\/#website\"},\"primaryImageOfPage\":{\"@id\":\"https:\/\/cachtickyhrad.eu\/otvaracie-hodiny\/#primaryimage\"},\"image\":{\"@id\":\"https:\/\/cachtickyhrad.eu\/otvaracie-hodiny\/#primaryimage\"},\"thumbnailUrl\":\"https:\/\/cachtickyhrad.eu\/wp-content\/uploads\/2018\/02\/bg_post-e1648584919430.jpg\",\"datePublished\":\"2022-03-29T20:07:21+00:00\",\"dateModified\":\"2022-03-30T19:28:09+00:00\",\"breadcrumb\":{\"@id\":\"https:\/\/cachtickyhrad.eu\/otvaracie-hodiny\/#breadcrumb\"},\"inLanguage\":\"en-GB\",\"potentialAction\":[{\"@type\":\"ReadAction\",\"target\":[\"https:\/\/cachtickyhrad.eu\/otvaracie-hodiny\/\"]}]},{\"@type\":\"ImageObject\",\"inLanguage\":\"en-GB\",\"@id\":\"https:\/\/cachtickyhrad.eu\/otvaracie-hodiny\/#primaryimage\",\"url\":\"https:\/\/cachtickyhrad.eu\/wp-content\/uploads\/2018\/02\/bg_post-e1648584919430.jpg\",\"contentUrl\":\"https:\/\/cachtickyhrad.eu\/wp-content\/uploads\/2018\/02\/bg_post-e1648584919430.jpg\",\"width\":1920,\"height\":1200},{\"@type\":\"BreadcrumbList\",\"@id\":\"https:\/\/cachtickyhrad.eu\/otvaracie-hodiny\/#breadcrumb\",\"itemListElement\":[{\"@type\":\"ListItem\",\"position\":1,\"name\":\"Home\",\"item\":\"https:\/\/cachtickyhrad.eu\/\"},{\"@type\":\"ListItem\",\"position\":2,\"name\":\"Otv\u00e1racie hodiny\"}]},{\"@type\":\"WebSite\",\"@id\":\"https:\/\/cachtickyhrad.eu\/#website\",\"url\":\"https:\/\/cachtickyhrad.eu\/\",\"name\":\"\u010cachtick\u00fd hrad\",\"description\":\"Ofici\u00e1lna str\u00e1nka\",\"publisher\":{\"@id\":\"https:\/\/cachtickyhrad.eu\/#organization\"},\"potentialAction\":[{\"@type\":\"SearchAction\",\"target\":{\"@type\":\"EntryPoint\",\"urlTemplate\":\"https:\/\/cachtickyhrad.eu\/?s={search_term_string}\"},\"query-input\":{\"@type\":\"PropertyValueSpecification\",\"valueRequired\":true,\"valueName\":\"search_term_string\"}}],\"inLanguage\":\"en-GB\"},{\"@type\":\"Organization\",\"@id\":\"https:\/\/cachtickyhrad.eu\/#organization\",\"name\":\"\u010cachtick\u00fd hrad\",\"url\":\"https:\/\/cachtickyhrad.eu\/\",\"logo\":{\"@type\":\"ImageObject\",\"inLanguage\":\"en-GB\",\"@id\":\"https:\/\/cachtickyhrad.eu\/#\/schema\/logo\/image\/\",\"url\":\"https:\/\/cachtickyhrad.eu\/wp-content\/uploads\/2021\/06\/logo_web.png\",\"contentUrl\":\"https:\/\/cachtickyhrad.eu\/wp-content\/uploads\/2021\/06\/logo_web.png\",\"width\":1000,\"height\":219,\"caption\":\"\u010cachtick\u00fd hrad\"},\"image\":{\"@id\":\"https:\/\/cachtickyhrad.eu\/#\/schema\/logo\/image\/\"},\"sameAs\":[\"https:\/\/www.facebook.com\/Cachtickyhrad\/\",\"https:\/\/www.instagram.com\/cachtice.hrad\/\"]}]}<\/script>\n<!-- \/ Yoast SEO plugin. -->","yoast_head_json":{"title":"Opening hours of the castle","robots":{"index":"index","follow":"follow","max-snippet":"max-snippet:-1","max-image-preview":"max-image-preview:large","max-video-preview":"max-video-preview:-1"},"canonical":"https:\/\/cachtickyhrad.eu\/en\/otvaracie-hodiny\/","og_locale":"en_GB","og_type":"article","og_title":"Otv\u00e1racie hodiny - \u010cachtick\u00fd hrad","og_description":"\u010cachtick\u00fd hrad &#8211; Posledn\u00fd mo\u017en\u00fd vstup do hradu je 30 min\u00fat pred jeho uzatvoren\u00edm.&#8211; \u010cachtick\u00fd hrad je po\u010das \u0161t\u00e1tnych sviatkov\u00a0 pre verejnos\u0165 norm\u00e1lne otvoren\u00fd v zmysle otv\u00e1rac\u00edch hod\u00edn hradu.&#8211; Spr\u00e1va hradu si vyhradzuje pr\u00e1vo v pr\u00edpade nepriazniv\u00fdch poveternostn\u00fdch podmienok, alebo v pr\u00edpade konania akci\u00ed na hrade upravi\u0165 otv\u00e1racie hodiny, obmedzi\u0165 zobrazi\u0165 cel\u00fd \u010dl\u00e1nok...","og_url":"https:\/\/cachtickyhrad.eu\/en\/otvaracie-hodiny\/","og_site_name":"\u010cachtick\u00fd hrad","article_publisher":"https:\/\/www.facebook.com\/Cachtickyhrad\/","article_modified_time":"2022-03-30T19:28:09+00:00","og_image":[{"width":1920,"height":1200,"url":"https:\/\/cachtickyhrad.eu\/wp-content\/uploads\/2018\/02\/bg_post-e1648584919430.jpg","type":"image\/jpeg"}],"twitter_card":"summary_large_image","twitter_misc":{"Estimated reading time":"2 minutes"},"schema":{"@context":"https:\/\/schema.org","@graph":[{"@type":"WebPage","@id":"https:\/\/cachtickyhrad.eu\/otvaracie-hodiny\/","url":"https:\/\/cachtickyhrad.eu\/otvaracie-hodiny\/","name":"Opening hours of the castle","isPartOf":{"@id":"https:\/\/cachtickyhrad.eu\/#website"},"primaryImageOfPage":{"@id":"https:\/\/cachtickyhrad.eu\/otvaracie-hodiny\/#primaryimage"},"image":{"@id":"https:\/\/cachtickyhrad.eu\/otvaracie-hodiny\/#primaryimage"},"thumbnailUrl":"https:\/\/cachtickyhrad.eu\/wp-content\/uploads\/2018\/02\/bg_post-e1648584919430.jpg","datePublished":"2022-03-29T20:07:21+00:00","dateModified":"2022-03-30T19:28:09+00:00","breadcrumb":{"@id":"https:\/\/cachtickyhrad.eu\/otvaracie-hodiny\/#breadcrumb"},"inLanguage":"en-GB","potentialAction":[{"@type":"ReadAction","target":["https:\/\/cachtickyhrad.eu\/otvaracie-hodiny\/"]}]},{"@type":"ImageObject","inLanguage":"en-GB","@id":"https:\/\/cachtickyhrad.eu\/otvaracie-hodiny\/#primaryimage","url":"https:\/\/cachtickyhrad.eu\/wp-content\/uploads\/2018\/02\/bg_post-e1648584919430.jpg","contentUrl":"https:\/\/cachtickyhrad.eu\/wp-content\/uploads\/2018\/02\/bg_post-e1648584919430.jpg","width":1920,"height":1200},{"@type":"BreadcrumbList","@id":"https:\/\/cachtickyhrad.eu\/otvaracie-hodiny\/#breadcrumb","itemListElement":[{"@type":"ListItem","position":1,"name":"Home","item":"https:\/\/cachtickyhrad.eu\/"},{"@type":"ListItem","position":2,"name":"Otv\u00e1racie hodiny"}]},{"@type":"WebSite","@id":"https:\/\/cachtickyhrad.eu\/#website","url":"https:\/\/cachtickyhrad.eu\/","name":"\u010cachtice castle","description":"Official page","publisher":{"@id":"https:\/\/cachtickyhrad.eu\/#organization"},"potentialAction":[{"@type":"SearchAction","target":{"@type":"EntryPoint","urlTemplate":"https:\/\/cachtickyhrad.eu\/?s={search_term_string}"},"query-input":{"@type":"PropertyValueSpecification","valueRequired":true,"valueName":"search_term_string"}}],"inLanguage":"en-GB"},{"@type":"Organization","@id":"https:\/\/cachtickyhrad.eu\/#organization","name":"\u010cachtice castle","url":"https:\/\/cachtickyhrad.eu\/","logo":{"@type":"ImageObject","inLanguage":"en-GB","@id":"https:\/\/cachtickyhrad.eu\/#\/schema\/logo\/image\/","url":"https:\/\/cachtickyhrad.eu\/wp-content\/uploads\/2021\/06\/logo_web.png","contentUrl":"https:\/\/cachtickyhrad.eu\/wp-content\/uploads\/2021\/06\/logo_web.png","width":1000,"height":219,"caption":"\u010cachtick\u00fd hrad"},"image":{"@id":"https:\/\/cachtickyhrad.eu\/#\/schema\/logo\/image\/"},"sameAs":["https:\/\/www.facebook.com\/Cachtickyhrad\/","https:\/\/www.instagram.com\/cachtice.hrad\/"]}]}},"_links":{"self":[{"href":"https:\/\/cachtickyhrad.eu\/en\/wp-json\/wp\/v2\/pages\/1732","targetHints":{"allow":["GET"]}}],"collection":[{"href":"https:\/\/cachtickyhrad.eu\/en\/wp-json\/wp\/v2\/pages"}],"about":[{"href":"https:\/\/cachtickyhrad.eu\/en\/wp-json\/wp\/v2\/types\/page"}],"author":[{"embeddable":true,"href":"https:\/\/cachtickyhrad.eu\/en\/wp-json\/wp\/v2\/users\/1"}],"replies":[{"embeddable":true,"href":"https:\/\/cachtickyhrad.eu\/en\/wp-json\/wp\/v2\/comments?post=1732"}],"version-history":[{"count":5,"href":"https:\/\/cachtickyhrad.eu\/en\/wp-json\/wp\/v2\/pages\/1732\/revisions"}],"predecessor-version":[{"id":1810,"href":"https:\/\/cachtickyhrad.eu\/en\/wp-json\/wp\/v2\/pages\/1732\/revisions\/1810"}],"wp:featuredmedia":[{"embeddable":true,"href":"https:\/\/cachtickyhrad.eu\/en\/wp-json\/wp\/v2\/media\/621"}],"wp:attachment":[{"href":"https:\/\/cachtickyhrad.eu\/en\/wp-json\/wp\/v2\/media?parent=1732"}],"curies":[{"name":"wp","href":"https:\/\/api.w.org\/{rel}","templated":true}]}}